{"id":264,"date":"2024-09-14T12:10:05","date_gmt":"2024-09-14T10:10:05","guid":{"rendered":"https:\/\/www.yachtcharter.si\/de\/?page_id=264"},"modified":"2025-06-04T12:00:40","modified_gmt":"2025-06-04T11:00:40","slug":"reiseziele","status":"publish","type":"page","link":"https:\/\/www.yachtcharter.si\/de\/reiseziele\/","title":{"rendered":"Reiseziele"},"content":{"rendered":"<style>.kb-gallery-id-264_ebd580-94 .kadence-blocks-gallery-item .kb-gal-image-radius, .kb-gallery-id-264_ebd580-94 .kb-slide-item .kb-gal-image-radius img{border-radius:0px 0px 0px 0px;;}.kb-gallery-wrap-id-264_ebd580-94.wp-block-kadence-advancedgallery{overflow:visible;}.kb-gallery-wrap-id-264_ebd580-94.wp-block-kadence-advancedgallery .kt-blocks-carousel{overflow:visible;}<\/style><div class=\"kb-gallery-wrap-id-264_ebd580-94 alignnone wp-block-kadence-advancedgallery\"><div class=\"kb-gallery-ul kb-gallery-non-static kb-gallery-type-slider kb-gallery-id-264_ebd580-94 kb-gallery-caption-style-bottom-hover kb-gallery-filter-none\" data-image-filter=\"none\" data-lightbox-caption=\"true\"><div class=\"kt-blocks-carousel splide kt-carousel-container-dotstyle-dark kt-carousel-arrowstyle-whiteondark kt-carousel-dotstyle-dark kb-slider-group-arrow kb-slider-arrow-position-center\" data-slider-anim-speed=\"400\" data-slider-scroll=\"1\" data-slider-arrows=\"true\" data-slider-fade=\"true\" data-slider-dots=\"true\" data-slider-type=\"slider\" data-slider-hover-pause=\"false\" data-slider-auto=\"1\" data-slider-speed=\"7000\" data-show-pause-button=\"false\"><div class=\"splide__track\"><ul class=\"kt-blocks-carousel-init kb-blocks-slider splide__list\"><li class=\"kb-slide-item kb-gallery-slide-item splide__slide\"><div class=\"kadence-blocks-gallery-item\"><div class=\"kadence-blocks-gallery-item-inner\"><figure class=\"kb-gallery-figure kadence-blocks-gallery-item-hide-caption\"><div class=\"kb-gal-image-radius\"><div class=\"kb-gallery-image-contain kadence-blocks-gallery-intrinsic kb-gallery-image-ratio-land32 kb-has-image-ratio-land32\" ><img loading=\"lazy\" decoding=\"async\" src=\"https:\/\/www.yachtcharter.si\/de\/wp-content\/uploads\/2024\/07\/Yachtcharter.si_segelboote_charter_Izola_Slowenien-1024x768.jpg\" width=\"1024\" height=\"768\" alt=\"Yachtcharter.si Segelurlaub an der Adria und Segelboote charter in Izola in Slowenien\" data-full-image=\"https:\/\/www.yachtcharter.si\/de\/wp-content\/uploads\/2024\/07\/Yachtcharter.si_segelboote_charter_Izola_Slowenien.jpg\" data-light-image=\"https:\/\/www.yachtcharter.si\/de\/wp-content\/uploads\/2024\/07\/Yachtcharter.si_segelboote_charter_Izola_Slowenien.jpg\" data-id=\"33\" class=\"wp-image-33 skip-lazy\" srcset=\"https:\/\/www.yachtcharter.si\/de\/wp-content\/uploads\/2024\/07\/Yachtcharter.si_segelboote_charter_Izola_Slowenien-1024x768.jpg 1024w, https:\/\/www.yachtcharter.si\/de\/wp-content\/uploads\/2024\/07\/Yachtcharter.si_segelboote_charter_Izola_Slowenien-300x225.jpg 300w, https:\/\/www.yachtcharter.si\/de\/wp-content\/uploads\/2024\/07\/Yachtcharter.si_segelboote_charter_Izola_Slowenien-768x576.jpg 768w, https:\/\/www.yachtcharter.si\/de\/wp-content\/uploads\/2024\/07\/Yachtcharter.si_segelboote_charter_Izola_Slowenien.jpg 1118w\" sizes=\"auto, (max-width: 1024px) 100vw, 1024px\" \/><\/div><\/div><\/figure><\/div><\/div><\/li><li class=\"kb-slide-item kb-gallery-slide-item splide__slide\"><div class=\"kadence-blocks-gallery-item\"><div class=\"kadence-blocks-gallery-item-inner\"><figure class=\"kb-gallery-figure kadence-blocks-gallery-item-hide-caption\"><div class=\"kb-gal-image-radius\"><div class=\"kb-gallery-image-contain kadence-blocks-gallery-intrinsic kb-gallery-image-ratio-land32 kb-has-image-ratio-land32\" ><img loading=\"lazy\" decoding=\"async\" src=\"https:\/\/www.yachtcharter.si\/de\/wp-content\/uploads\/2024\/09\/Izola_Slowenien-1024x768.jpg\" width=\"1024\" height=\"768\" alt=\"\" data-full-image=\"https:\/\/www.yachtcharter.si\/de\/wp-content\/uploads\/2024\/09\/Izola_Slowenien.jpg\" data-light-image=\"https:\/\/www.yachtcharter.si\/de\/wp-content\/uploads\/2024\/09\/Izola_Slowenien.jpg\" data-id=\"150\" class=\"wp-image-150 skip-lazy\" srcset=\"https:\/\/www.yachtcharter.si\/de\/wp-content\/uploads\/2024\/09\/Izola_Slowenien-1024x768.jpg 1024w, https:\/\/www.yachtcharter.si\/de\/wp-content\/uploads\/2024\/09\/Izola_Slowenien-300x225.jpg 300w, https:\/\/www.yachtcharter.si\/de\/wp-content\/uploads\/2024\/09\/Izola_Slowenien-768x576.jpg 768w, https:\/\/www.yachtcharter.si\/de\/wp-content\/uploads\/2024\/09\/Izola_Slowenien.jpg 1118w\" sizes=\"auto, (max-width: 1024px) 100vw, 1024px\" \/><\/div><\/div><\/figure><\/div><\/div><\/li><\/ul><\/div><\/div><\/div><\/div>\n\n<style>.wp-block-kadence-spacer.kt-block-spacer-264_06fbc1-89 .kt-block-spacer{height:60px;}.wp-block-kadence-spacer.kt-block-spacer-264_06fbc1-89 .kt-divider{border-top-width:1px;height:1px;border-top-color:#eee;width:80%;border-top-style:solid;}<\/style>\n<div class=\"wp-block-kadence-spacer aligncenter kt-block-spacer-264_06fbc1-89\"><div class=\"kt-block-spacer kt-block-spacer-halign-center\"><hr class=\"kt-divider\"\/><\/div><\/div>\n\n\n\n<iframe class=\"wbm\" id=\"wbmResult\" src=\" https:\/\/www.booking-manager.com\/wbm2\/page.html?companyid=7381&#038;setlang=de&#038;view=SmallSearchForm&#038;target=_top&#038;controllerPage=https:\/\/www.yachtcharter.si\/de\/suchergebnisse\/\" width=\"100%\" frameborder=\"0\" scrolling=\"no\" allowTransparency=\"true\"><\/iframe>\n\n<script src=\" https:\/\/www.booking-manager.com\/down\/wbm-alter.js\"><\/script>\n\n\n<style>.wp-block-kadence-spacer.kt-block-spacer-264_1537cf-91 .kt-block-spacer{height:60px;}.wp-block-kadence-spacer.kt-block-spacer-264_1537cf-91 .kt-divider{border-top-width:1px;height:1px;border-top-color:#eee;width:80%;border-top-style:solid;}<\/style>\n<div class=\"wp-block-kadence-spacer aligncenter kt-block-spacer-264_1537cf-91\"><div class=\"kt-block-spacer kt-block-spacer-halign-center\"><hr class=\"kt-divider\"\/><\/div><\/div>\n\n\n\n<p class=\"has-medium-font-size\">Slowenien sind ein idealer Ausgangenspunkt f\u00fcr den Besuch der alten St\u00e4dte in Slowenien, Kroatien und Italien.<\/p>\n\n\n\n<p class=\"has-medium-font-size\">Vielleicht um einen kafee in Triest tu genie\u00dfen und vielleicht nach Lignano Sabbiadoro oder Venedig in Italien zu segeln.<\/p>\n\n\n\n<p class=\"has-medium-font-size\">Besuchen Sie antike St\u00e4dte in Istrien und Kvarner, deren Geschichte bis in die vorr\u00f6mische Zeit zur\u00fcckreicht. <\/p>\n\n\n\n<p class=\"has-medium-font-size\">Entspannen Sie sich in kleinen D\u00f6rfern und probieren Sie lokale K\u00f6stlichkeiten in Slowenien und Kroatien. Prosciutto und Salami, Fisch und Fischspezialit\u00e4ten und nat\u00fcrlich einheimsches Oliven\u00f6l und Weine.<\/p>\n\n\n\n<p class=\"has-medium-font-size\">Sie segeln an einsamen Buchten vorbei, um sich in Ruhe zu entspannen und im kristallklaren Wasser der Adria entlang der K\u00fcsten Istriens und Kvarners sowie m\u00f6glicherweise auch in den Kornaten und Dalmatien zu schwimmen.<\/p>\n\n\n\n<p class=\"has-medium-font-size\">All dies und mehr bietet Ihnen die Anmietung einer Yacht in Slowenien.<\/p>\n\n\n<style>.wp-block-kadence-spacer.kt-block-spacer-264_2164d0-62 .kt-block-spacer{height:60px;}.wp-block-kadence-spacer.kt-block-spacer-264_2164d0-62 .kt-divider{border-top-width:1px;height:1px;border-top-color:#eee;width:80%;border-top-style:solid;}<\/style>\n<div class=\"wp-block-kadence-spacer aligncenter kt-block-spacer-264_2164d0-62\"><div class=\"kt-block-spacer kt-block-spacer-halign-center\"><hr class=\"kt-divider\"\/><\/div><\/div>\n","protected":false},"excerpt":{"rendered":"<p>Slowenien sind ein idealer Ausgangenspunkt f\u00fcr den Besuch der alten St\u00e4dte in Slowenien, Kroatien und Italien. Vielleicht um einen kafee in Triest tu genie\u00dfen und vielleicht nach Lignano Sabbiadoro oder Venedig in Italien zu segeln. Besuchen Sie antike St\u00e4dte in &hellip; <a href=\"https:\/\/www.yachtcharter.si\/de\/reiseziele\/\">Weiter<\/a><\/p>\n","protected":false},"author":1,"featured_media":0,"parent":0,"menu_order":0,"comment_status":"closed","ping_status":"closed","template":"","meta":{"kt_blocks_editor_width":"","_monsterinsights_skip_tracking":false,"_monsterinsights_sitenote_active":false,"_monsterinsights_sitenote_note":"","_monsterinsights_sitenote_category":0,"footnotes":""},"class_list":["post-264","page","type-page","status-publish","hentry"],"yoast_head":"<!-- This site is optimized with the Yoast SEO plugin v26.9 - https:\/\/yoast.com\/product\/yoast-seo-wordpress\/ -->\n<title>Segelurlaub in Slowenien und Italien und Kroatien Reiseziele<\/title>\n<meta name=\"description\" content=\"Segelurlaub in Slowenien und Italien und Kroatien Reiseziele. Reiseziele f\u00fcr Segelurlaub in Slowenien und Kroatien und Italien\" \/>\n<meta name=\"robots\" content=\"index, follow, max-snippet:-1, max-image-preview:large, max-video-preview:-1\" \/>\n<link rel=\"canonical\" href=\"https:\/\/www.yachtcharter.si\/de\/reiseziele\/\" \/>\n<script type=\"application\/ld+json\" class=\"yoast-schema-graph\">{\"@context\":\"https:\/\/schema.org\",\"@graph\":[{\"@type\":\"WebPage\",\"@id\":\"https:\/\/www.yachtcharter.si\/de\/reiseziele\/\",\"url\":\"https:\/\/www.yachtcharter.si\/de\/reiseziele\/\",\"name\":\"Segelurlaub in Slowenien und Italien und Kroatien Reiseziele\",\"isPartOf\":{\"@id\":\"https:\/\/www.yachtcharter.si\/de\/#website\"},\"datePublished\":\"2024-09-14T10:10:05+00:00\",\"dateModified\":\"2025-06-04T11:00:40+00:00\",\"description\":\"Segelurlaub in Slowenien und Italien und Kroatien Reiseziele. Reiseziele f\u00fcr Segelurlaub in Slowenien und Kroatien und Italien\",\"breadcrumb\":{\"@id\":\"https:\/\/www.yachtcharter.si\/de\/reiseziele\/#breadcrumb\"},\"inLanguage\":\"de\",\"potentialAction\":[{\"@type\":\"ReadAction\",\"target\":[\"https:\/\/www.yachtcharter.si\/de\/reiseziele\/\"]}]},{\"@type\":\"BreadcrumbList\",\"@id\":\"https:\/\/www.yachtcharter.si\/de\/reiseziele\/#breadcrumb\",\"itemListElement\":[{\"@type\":\"ListItem\",\"position\":1,\"name\":\"Startseite\",\"item\":\"https:\/\/www.yachtcharter.si\/de\/\"},{\"@type\":\"ListItem\",\"position\":2,\"name\":\"Reiseziele f\u00fcr Segelurlaub in Slowenien und Kroatien und Italien\"}]},{\"@type\":\"WebSite\",\"@id\":\"https:\/\/www.yachtcharter.si\/de\/#website\",\"url\":\"https:\/\/www.yachtcharter.si\/de\/\",\"name\":\"Yachtcharter.si\",\"description\":\"Yachtcharter in Slowenien und Segeln an der Adria\",\"potentialAction\":[{\"@type\":\"SearchAction\",\"target\":{\"@type\":\"EntryPoint\",\"urlTemplate\":\"https:\/\/www.yachtcharter.si\/de\/?s={search_term_string}\"},\"query-input\":{\"@type\":\"PropertyValueSpecification\",\"valueRequired\":true,\"valueName\":\"search_term_string\"}}],\"inLanguage\":\"de\"}]}<\/script>\n<!-- \/ Yoast SEO plugin. -->","yoast_head_json":{"title":"Segelurlaub in Slowenien und Italien und Kroatien Reiseziele","description":"Segelurlaub in Slowenien und Italien und Kroatien Reiseziele. Reiseziele f\u00fcr Segelurlaub in Slowenien und Kroatien und Italien","robots":{"index":"index","follow":"follow","max-snippet":"max-snippet:-1","max-image-preview":"max-image-preview:large","max-video-preview":"max-video-preview:-1"},"canonical":"https:\/\/www.yachtcharter.si\/de\/reiseziele\/","schema":{"@context":"https:\/\/schema.org","@graph":[{"@type":"WebPage","@id":"https:\/\/www.yachtcharter.si\/de\/reiseziele\/","url":"https:\/\/www.yachtcharter.si\/de\/reiseziele\/","name":"Segelurlaub in Slowenien und Italien und Kroatien Reiseziele","isPartOf":{"@id":"https:\/\/www.yachtcharter.si\/de\/#website"},"datePublished":"2024-09-14T10:10:05+00:00","dateModified":"2025-06-04T11:00:40+00:00","description":"Segelurlaub in Slowenien und Italien und Kroatien Reiseziele. Reiseziele f\u00fcr Segelurlaub in Slowenien und Kroatien und Italien","breadcrumb":{"@id":"https:\/\/www.yachtcharter.si\/de\/reiseziele\/#breadcrumb"},"inLanguage":"de","potentialAction":[{"@type":"ReadAction","target":["https:\/\/www.yachtcharter.si\/de\/reiseziele\/"]}]},{"@type":"BreadcrumbList","@id":"https:\/\/www.yachtcharter.si\/de\/reiseziele\/#breadcrumb","itemListElement":[{"@type":"ListItem","position":1,"name":"Startseite","item":"https:\/\/www.yachtcharter.si\/de\/"},{"@type":"ListItem","position":2,"name":"Reiseziele f\u00fcr Segelurlaub in Slowenien und Kroatien und Italien"}]},{"@type":"WebSite","@id":"https:\/\/www.yachtcharter.si\/de\/#website","url":"https:\/\/www.yachtcharter.si\/de\/","name":"Yachtcharter.si","description":"Yachtcharter in Slowenien und Segeln an der Adria","potentialAction":[{"@type":"SearchAction","target":{"@type":"EntryPoint","urlTemplate":"https:\/\/www.yachtcharter.si\/de\/?s={search_term_string}"},"query-input":{"@type":"PropertyValueSpecification","valueRequired":true,"valueName":"search_term_string"}}],"inLanguage":"de"}]}},"_links":{"self":[{"href":"https:\/\/www.yachtcharter.si\/de\/wp-json\/wp\/v2\/pages\/264","targetHints":{"allow":["GET"]}}],"collection":[{"href":"https:\/\/www.yachtcharter.si\/de\/wp-json\/wp\/v2\/pages"}],"about":[{"href":"https:\/\/www.yachtcharter.si\/de\/wp-json\/wp\/v2\/types\/page"}],"author":[{"embeddable":true,"href":"https:\/\/www.yachtcharter.si\/de\/wp-json\/wp\/v2\/users\/1"}],"replies":[{"embeddable":true,"href":"https:\/\/www.yachtcharter.si\/de\/wp-json\/wp\/v2\/comments?post=264"}],"version-history":[{"count":5,"href":"https:\/\/www.yachtcharter.si\/de\/wp-json\/wp\/v2\/pages\/264\/revisions"}],"predecessor-version":[{"id":343,"href":"https:\/\/www.yachtcharter.si\/de\/wp-json\/wp\/v2\/pages\/264\/revisions\/343"}],"wp:attachment":[{"href":"https:\/\/www.yachtcharter.si\/de\/wp-json\/wp\/v2\/media?parent=264"}],"curies":[{"name":"wp","href":"https:\/\/api.w.org\/{rel}","templated":true}]}}