{"id":392,"date":"2025-01-25T10:31:02","date_gmt":"2025-01-25T09:31:02","guid":{"rendered":"https:\/\/www.yachtcharter.si\/de\/?page_id=392"},"modified":"2025-06-04T11:49:25","modified_gmt":"2025-06-04T10:49:25","slug":"lavezzi-40-sampei","status":"publish","type":"page","link":"https:\/\/www.yachtcharter.si\/de\/lavezzi-40-sampei\/","title":{"rendered":"Lavezzi 40 Sampei"},"content":{"rendered":"<style>.kb-gallery-id-392_ced5a7-0b .kadence-blocks-gallery-item .kb-gal-image-radius, .kb-gallery-id-392_ced5a7-0b .kb-slide-item .kb-gal-image-radius img{border-radius:0px 0px 0px 0px;;}.kb-gallery-wrap-id-392_ced5a7-0b.wp-block-kadence-advancedgallery{overflow:visible;}.kb-gallery-wrap-id-392_ced5a7-0b.wp-block-kadence-advancedgallery .kt-blocks-carousel{overflow:visible;}<\/style><div class=\"kb-gallery-wrap-id-392_ced5a7-0b alignnone wp-block-kadence-advancedgallery\"><div class=\"kb-gallery-ul kb-gallery-non-static kb-gallery-type-slider kb-gallery-id-392_ced5a7-0b kb-gallery-caption-style-bottom-hover kb-gallery-filter-none\" data-image-filter=\"none\" data-lightbox-caption=\"true\"><div class=\"kt-blocks-carousel splide kt-carousel-container-dotstyle-dark kt-carousel-arrowstyle-whiteondark kt-carousel-dotstyle-dark kb-slider-group-arrow kb-slider-arrow-position-center\" data-slider-anim-speed=\"400\" data-slider-scroll=\"1\" data-slider-arrows=\"true\" data-slider-fade=\"true\" data-slider-dots=\"true\" data-slider-type=\"slider\" data-slider-hover-pause=\"false\" data-slider-auto=\"1\" data-slider-speed=\"7000\" data-show-pause-button=\"false\"><div class=\"splide__track\"><ul class=\"kt-blocks-carousel-init kb-blocks-slider splide__list\"><li class=\"kb-slide-item kb-gallery-slide-item splide__slide\"><div class=\"kadence-blocks-gallery-item\"><div class=\"kadence-blocks-gallery-item-inner\"><figure class=\"kb-gallery-figure kadence-blocks-gallery-item-hide-caption\"><div class=\"kb-gal-image-radius\"><div class=\"kb-gallery-image-contain kadence-blocks-gallery-intrinsic kb-gallery-image-ratio-land32 kb-has-image-ratio-land32\" ><img loading=\"lazy\" decoding=\"async\" src=\"https:\/\/www.yachtcharter.si\/de\/wp-content\/uploads\/2025\/02\/Lavezzi_40_Sampei_katamaran_charter_Izola_Slowenien-1024x768.jpg\" width=\"1024\" height=\"768\" alt=\"\" data-full-image=\"https:\/\/www.yachtcharter.si\/de\/wp-content\/uploads\/2025\/02\/Lavezzi_40_Sampei_katamaran_charter_Izola_Slowenien.jpg\" data-light-image=\"https:\/\/www.yachtcharter.si\/de\/wp-content\/uploads\/2025\/02\/Lavezzi_40_Sampei_katamaran_charter_Izola_Slowenien.jpg\" data-id=\"744\" class=\"wp-image-744 skip-lazy\" srcset=\"https:\/\/www.yachtcharter.si\/de\/wp-content\/uploads\/2025\/02\/Lavezzi_40_Sampei_katamaran_charter_Izola_Slowenien-1024x768.jpg 1024w, https:\/\/www.yachtcharter.si\/de\/wp-content\/uploads\/2025\/02\/Lavezzi_40_Sampei_katamaran_charter_Izola_Slowenien-300x225.jpg 300w, https:\/\/www.yachtcharter.si\/de\/wp-content\/uploads\/2025\/02\/Lavezzi_40_Sampei_katamaran_charter_Izola_Slowenien-768x576.jpg 768w, https:\/\/www.yachtcharter.si\/de\/wp-content\/uploads\/2025\/02\/Lavezzi_40_Sampei_katamaran_charter_Izola_Slowenien-1536x1152.jpg 1536w, https:\/\/www.yachtcharter.si\/de\/wp-content\/uploads\/2025\/02\/Lavezzi_40_Sampei_katamaran_charter_Izola_Slowenien-2048x1536.jpg 2048w, https:\/\/www.yachtcharter.si\/de\/wp-content\/uploads\/2025\/02\/Lavezzi_40_Sampei_katamaran_charter_Izola_Slowenien-1200x900-cropped.jpg 1200w\" sizes=\"auto, (max-width: 1024px) 100vw, 1024px\" \/><\/div><\/div><\/figure><\/div><\/div><\/li><li class=\"kb-slide-item kb-gallery-slide-item splide__slide\"><div class=\"kadence-blocks-gallery-item\"><div class=\"kadence-blocks-gallery-item-inner\"><figure class=\"kb-gallery-figure kadence-blocks-gallery-item-hide-caption\"><div class=\"kb-gal-image-radius\"><div class=\"kb-gallery-image-contain kadence-blocks-gallery-intrinsic kb-gallery-image-ratio-land32 kb-has-image-ratio-land32\" ><img loading=\"lazy\" decoding=\"async\" src=\"https:\/\/www.yachtcharter.si\/de\/wp-content\/uploads\/2025\/02\/Lavezzi_40_Sampei_charter_Izola_Slowenien-1024x768.jpg\" width=\"1024\" height=\"768\" alt=\"\" data-full-image=\"https:\/\/www.yachtcharter.si\/de\/wp-content\/uploads\/2025\/02\/Lavezzi_40_Sampei_charter_Izola_Slowenien.jpg\" data-light-image=\"https:\/\/www.yachtcharter.si\/de\/wp-content\/uploads\/2025\/02\/Lavezzi_40_Sampei_charter_Izola_Slowenien.jpg\" data-id=\"745\" class=\"wp-image-745 skip-lazy\" srcset=\"https:\/\/www.yachtcharter.si\/de\/wp-content\/uploads\/2025\/02\/Lavezzi_40_Sampei_charter_Izola_Slowenien-1024x768.jpg 1024w, https:\/\/www.yachtcharter.si\/de\/wp-content\/uploads\/2025\/02\/Lavezzi_40_Sampei_charter_Izola_Slowenien-300x225.jpg 300w, https:\/\/www.yachtcharter.si\/de\/wp-content\/uploads\/2025\/02\/Lavezzi_40_Sampei_charter_Izola_Slowenien-768x576.jpg 768w, https:\/\/www.yachtcharter.si\/de\/wp-content\/uploads\/2025\/02\/Lavezzi_40_Sampei_charter_Izola_Slowenien-1536x1152.jpg 1536w, https:\/\/www.yachtcharter.si\/de\/wp-content\/uploads\/2025\/02\/Lavezzi_40_Sampei_charter_Izola_Slowenien-2048x1536.jpg 2048w\" sizes=\"auto, (max-width: 1024px) 100vw, 1024px\" \/><\/div><\/div><\/figure><\/div><\/div><\/li><li class=\"kb-slide-item kb-gallery-slide-item splide__slide\"><div class=\"kadence-blocks-gallery-item\"><div class=\"kadence-blocks-gallery-item-inner\"><figure class=\"kb-gallery-figure kadence-blocks-gallery-item-hide-caption\"><div class=\"kb-gal-image-radius\"><div class=\"kb-gallery-image-contain kadence-blocks-gallery-intrinsic kb-gallery-image-ratio-land32 kb-has-image-ratio-land32\" ><img loading=\"lazy\" decoding=\"async\" src=\"https:\/\/www.yachtcharter.si\/de\/wp-content\/uploads\/2025\/02\/Lavezzi_40_Sampei_katamaran_segelurlaub_Adria_Slowenien-1024x768.jpg\" width=\"1024\" height=\"768\" alt=\"\" data-full-image=\"https:\/\/www.yachtcharter.si\/de\/wp-content\/uploads\/2025\/02\/Lavezzi_40_Sampei_katamaran_segelurlaub_Adria_Slowenien.jpg\" data-light-image=\"https:\/\/www.yachtcharter.si\/de\/wp-content\/uploads\/2025\/02\/Lavezzi_40_Sampei_katamaran_segelurlaub_Adria_Slowenien.jpg\" data-id=\"747\" class=\"wp-image-747 skip-lazy\" srcset=\"https:\/\/www.yachtcharter.si\/de\/wp-content\/uploads\/2025\/02\/Lavezzi_40_Sampei_katamaran_segelurlaub_Adria_Slowenien-1024x768.jpg 1024w, https:\/\/www.yachtcharter.si\/de\/wp-content\/uploads\/2025\/02\/Lavezzi_40_Sampei_katamaran_segelurlaub_Adria_Slowenien-300x225.jpg 300w, https:\/\/www.yachtcharter.si\/de\/wp-content\/uploads\/2025\/02\/Lavezzi_40_Sampei_katamaran_segelurlaub_Adria_Slowenien-768x576.jpg 768w, https:\/\/www.yachtcharter.si\/de\/wp-content\/uploads\/2025\/02\/Lavezzi_40_Sampei_katamaran_segelurlaub_Adria_Slowenien-1536x1152.jpg 1536w, https:\/\/www.yachtcharter.si\/de\/wp-content\/uploads\/2025\/02\/Lavezzi_40_Sampei_katamaran_segelurlaub_Adria_Slowenien-2048x1536.jpg 2048w\" sizes=\"auto, (max-width: 1024px) 100vw, 1024px\" \/><\/div><\/div><\/figure><\/div><\/div><\/li><li class=\"kb-slide-item kb-gallery-slide-item splide__slide\"><div class=\"kadence-blocks-gallery-item\"><div class=\"kadence-blocks-gallery-item-inner\"><figure class=\"kb-gallery-figure kadence-blocks-gallery-item-hide-caption\"><div class=\"kb-gal-image-radius\"><div class=\"kb-gallery-image-contain kadence-blocks-gallery-intrinsic kb-gallery-image-ratio-land32 kb-has-image-ratio-land32\" ><img loading=\"lazy\" decoding=\"async\" src=\"https:\/\/www.yachtcharter.si\/de\/wp-content\/uploads\/2025\/02\/Lavezzi_40_Sampei_segeluralub_Adria_Izola_Slowenien-1024x768.jpg\" width=\"1024\" height=\"768\" alt=\"\" data-full-image=\"https:\/\/www.yachtcharter.si\/de\/wp-content\/uploads\/2025\/02\/Lavezzi_40_Sampei_segeluralub_Adria_Izola_Slowenien.jpg\" data-light-image=\"https:\/\/www.yachtcharter.si\/de\/wp-content\/uploads\/2025\/02\/Lavezzi_40_Sampei_segeluralub_Adria_Izola_Slowenien.jpg\" data-id=\"749\" class=\"wp-image-749 skip-lazy\" srcset=\"https:\/\/www.yachtcharter.si\/de\/wp-content\/uploads\/2025\/02\/Lavezzi_40_Sampei_segeluralub_Adria_Izola_Slowenien-1024x768.jpg 1024w, https:\/\/www.yachtcharter.si\/de\/wp-content\/uploads\/2025\/02\/Lavezzi_40_Sampei_segeluralub_Adria_Izola_Slowenien-300x225.jpg 300w, https:\/\/www.yachtcharter.si\/de\/wp-content\/uploads\/2025\/02\/Lavezzi_40_Sampei_segeluralub_Adria_Izola_Slowenien-768x576.jpg 768w, https:\/\/www.yachtcharter.si\/de\/wp-content\/uploads\/2025\/02\/Lavezzi_40_Sampei_segeluralub_Adria_Izola_Slowenien-1536x1152.jpg 1536w, https:\/\/www.yachtcharter.si\/de\/wp-content\/uploads\/2025\/02\/Lavezzi_40_Sampei_segeluralub_Adria_Izola_Slowenien-2048x1536.jpg 2048w\" sizes=\"auto, (max-width: 1024px) 100vw, 1024px\" \/><\/div><\/div><\/figure><\/div><\/div><\/li><li class=\"kb-slide-item kb-gallery-slide-item splide__slide\"><div class=\"kadence-blocks-gallery-item\"><div class=\"kadence-blocks-gallery-item-inner\"><figure class=\"kb-gallery-figure kadence-blocks-gallery-item-hide-caption\"><div class=\"kb-gal-image-radius\"><div class=\"kb-gallery-image-contain kadence-blocks-gallery-intrinsic kb-gallery-image-ratio-land32 kb-has-image-ratio-land32\" ><img loading=\"lazy\" decoding=\"async\" src=\"https:\/\/www.yachtcharter.si\/de\/wp-content\/uploads\/2025\/02\/Lavezzi_40_Sampei_segelurlaub_Adria_Slowenien-1024x768.jpg\" width=\"1024\" height=\"768\" alt=\"\" data-full-image=\"https:\/\/www.yachtcharter.si\/de\/wp-content\/uploads\/2025\/02\/Lavezzi_40_Sampei_segelurlaub_Adria_Slowenien.jpg\" data-light-image=\"https:\/\/www.yachtcharter.si\/de\/wp-content\/uploads\/2025\/02\/Lavezzi_40_Sampei_segelurlaub_Adria_Slowenien.jpg\" data-id=\"750\" class=\"wp-image-750 skip-lazy\" srcset=\"https:\/\/www.yachtcharter.si\/de\/wp-content\/uploads\/2025\/02\/Lavezzi_40_Sampei_segelurlaub_Adria_Slowenien-1024x768.jpg 1024w, https:\/\/www.yachtcharter.si\/de\/wp-content\/uploads\/2025\/02\/Lavezzi_40_Sampei_segelurlaub_Adria_Slowenien-300x225.jpg 300w, https:\/\/www.yachtcharter.si\/de\/wp-content\/uploads\/2025\/02\/Lavezzi_40_Sampei_segelurlaub_Adria_Slowenien-768x576.jpg 768w, https:\/\/www.yachtcharter.si\/de\/wp-content\/uploads\/2025\/02\/Lavezzi_40_Sampei_segelurlaub_Adria_Slowenien-1536x1152.jpg 1536w, https:\/\/www.yachtcharter.si\/de\/wp-content\/uploads\/2025\/02\/Lavezzi_40_Sampei_segelurlaub_Adria_Slowenien-2048x1536.jpg 2048w\" sizes=\"auto, (max-width: 1024px) 100vw, 1024px\" \/><\/div><\/div><\/figure><\/div><\/div><\/li><\/ul><\/div><\/div><\/div><\/div>\n\n<style>.wp-block-kadence-spacer.kt-block-spacer-392_f612ed-60 .kt-block-spacer{height:60px;}.wp-block-kadence-spacer.kt-block-spacer-392_f612ed-60 .kt-divider{border-top-width:1px;height:1px;border-top-color:#eee;width:80%;border-top-style:solid;}<\/style>\n<div class=\"wp-block-kadence-spacer aligncenter kt-block-spacer-392_f612ed-60\"><div class=\"kt-block-spacer kt-block-spacer-halign-center\"><hr class=\"kt-divider\"\/><\/div><\/div>\n\n\n\n<p class=\"has-medium-font-size\">Der Segelkatamaran Lavezzi 40 namens Sampei ist ein Katmaran mit 4-Kabinen und 10 Schlafpl\u00e4tzen in 4 Doppelkabinen und 1 Etagenbettkabinen sowie in einem Saloon.<\/p>\n\n\n\n<p class=\"has-medium-font-size\">Der Segelkatamaran Lavezzi 40 Sampei steht zum Chartern und Segeln in der n\u00f6rdlichen Adria in Istrien und im Kvarner ab Marina Izola in Slowenien zur Verf\u00fcgung.<\/p>\n\n\n\n<p class=\"has-text-align-center has-virtue-primary-color has-text-color has-link-color has-medium-font-size wp-elements-1f8e16d0dd59d6f849c9e874b47857bb\"><strong>Ausstattung:<\/strong><\/p>\n\n\n\n<p class=\"has-medium-font-size\">Ausstattung des Segelkatamaran Lavezzi 40 Sampei:<\/p>\n\n\n\n<ul class=\"wp-block-list\">\n<li style=\"font-size:18px\">Rollgenua, Full Batten Gro\u00dfsegel mit Lazy Jack, 1 Lenkrad,<\/li>\n\n\n\n<li style=\"font-size:18px\">Cockpittisch, Bimini, Deckdusche,<\/li>\n\n\n\n<li style=\"font-size:18px\">Gel\u00e4ndernetz auf Anfrage und gegen Aufpreis,<\/li>\n\n\n\n<li style=\"font-size:18px\">Elektrische Ankerwinde,<\/li>\n\n\n\n<li style=\"font-size:18px\">Autopilot, GPS Plotter, GPS, UKW, Kompass, Navigationscharter, hafenf\u00fchrer, Windinstrument,<\/li>\n\n\n\n<li style=\"font-size:18px\">UKW Radio mit CD, LCD TV,<\/li>\n\n\n\n<li style=\"font-size:18px\">Kissen und Decken, Bettw\u00e4sche, Handt\u00fcschee (1 set pro Person),<\/li>\n\n\n\n<li style=\"font-size:18px\">Rettungsring oder Hufeisenboje, Schwimmwesten, Nebelhorn, Erste-Hilfe-Set, Feuerl\u00f6scher, Notsignale,<\/li>\n\n\n\n<li style=\"font-size:18px\">elektrische Bilgenpumpe,<\/li>\n\n\n\n<li style=\"font-size:18px\">Beiboot, Au\u00dfenbordmotor auf Anfrage und gegen Aufpreis,<\/li>\n\n\n\n<li style=\"font-size:18px\">Batterieladeger\u00e4t, Landstrom,<\/li>\n\n\n\n<li style=\"font-size:18px\">Warmwasser, K\u00fchlschrank,  <\/li>\n\n\n\n<li style=\"font-size:18px\">Gasflaschen, Herd mit Backofen, K\u00fcchenutensilien.<\/li>\n<\/ul>\n\n\n\n<p class=\"has-text-align-center has-virtue-primary-color has-text-color has-link-color has-medium-font-size wp-elements-5fa988125c8d3818e2d3f9e22363ae58\"><strong>Technische Specifikation und Grundriss:<\/strong><\/p>\n\n\n\n<div class=\"wp-block-group\"><div class=\"wp-block-group__inner-container is-layout-constrained wp-block-group-is-layout-constrained\">\n<figure class=\"wp-block-table is-style-stripes\"><table><tbody><tr><td>L\u00e4nge: 11,90 m<br>Breite: 6,50 m<br>Tiefgang: 1,10 m<br>Motor: 2 x 30 HP<br>Treibstoff: Diesel<br>Treibstofftank: 250 lit.<br>Frischwassertank: 560 lit<br>Hauptsegel: Full batten mit Lazy Jack<br>Genoa: Roll<br>Lenkrad: 1 Rad<br>Kabinen: 4<br>Schlafpl\u00e4tze: 8 + 2<br>Toiletten: 2<br>Baujahr: 2004<\/td><td><\/td><\/tr><\/tbody><\/table><\/figure>\n<\/div><\/div>\n\n\n<style>.wp-block-kadence-spacer.kt-block-spacer-392_7b2731-83 .kt-block-spacer{height:60px;}.wp-block-kadence-spacer.kt-block-spacer-392_7b2731-83 .kt-divider{border-top-width:1px;height:1px;border-top-color:#eee;width:80%;border-top-style:solid;}<\/style>\n<div class=\"wp-block-kadence-spacer aligncenter kt-block-spacer-392_7b2731-83\"><div class=\"kt-block-spacer kt-block-spacer-halign-center\"><hr class=\"kt-divider\"\/><\/div><\/div>\n\n\n\n<p class=\"has-text-align-center has-virtue-primary-color has-text-color has-link-color has-medium-font-size wp-elements-a016b484b75ea9d3a33839dc473a926b\"><strong>Check-in \/ Check-out:<\/strong><\/p>\n\n\n\n<p class=\"has-medium-font-size\">Check-in und Check-out in Marina Izola in Slowenien.<\/p>\n\n\n\n<ul class=\"wp-block-list\">\n<li style=\"font-size:18px\">Check-in am Samstag nach 17.00 Uhr<\/li>\n\n\n\n<li style=\"font-size:18px\">Check-out am Samstag vor 9.00 Uhr<\/li>\n<\/ul>\n\n\n\n<p class=\"has-text-align-center has-virtue-primary-color has-text-color has-link-color has-medium-font-size wp-elements-f3904711bee8cd46e0cd5641d55631ca\"><strong>Flughafentransfers:<\/strong><\/p>\n\n\n\n<p class=\"has-medium-font-size\">Flughafentransfers sind auf Anfrage vom Flughafen Ljubljana, vom Flughafen Venedig, vom Flughafen Triest, vom Flughafen Rijeka und vom Flughafen Pula verf\u00fcgbar.<\/p>\n\n\n\n<p class=\"has-text-align-center has-virtue-primary-color has-text-color has-link-color has-medium-font-size wp-elements-ada6b5790dd3a50e5285b2e538d1661f\"><strong>Preise und Verf\u00fcgbarkeit:<\/strong><\/p>\n\n\n\n<p class=\"has-medium-font-size\">Verf\u00fcgbarkeit und tats\u00e4chliche Preise werden zum Zeitpunkt der Buchung bereicht und sind bei Yachtsuche verf\u00fcgbar.<\/p>\n\n\n\n<p class=\"has-text-align-center has-virtue-primary-color has-text-color has-link-color has-medium-font-size wp-elements-2ba2cfe74816763255ee8d8d94b52824\"><strong>Rabatte:<\/strong><\/p>\n\n\n\n<p class=\"has-medium-font-size\">Die tats\u00e4chlichen Rabatte verden zum Zeitpunkt der Bichung berechnet.<\/p>\n\n\n<style>.wp-block-kadence-spacer.kt-block-spacer-392_6f0dab-c0 .kt-block-spacer{height:60px;}.wp-block-kadence-spacer.kt-block-spacer-392_6f0dab-c0 .kt-divider{border-top-width:1px;height:1px;border-top-color:#eee;width:80%;border-top-style:solid;}<\/style>\n<div class=\"wp-block-kadence-spacer aligncenter kt-block-spacer-392_6f0dab-c0\"><div class=\"kt-block-spacer kt-block-spacer-halign-center\"><hr class=\"kt-divider\"\/><\/div><\/div>\n","protected":false},"excerpt":{"rendered":"<p>Der Segelkatamaran Lavezzi 40 namens Sampei ist ein Katmaran mit 4-Kabinen und 10 Schlafpl\u00e4tzen in 4 Doppelkabinen und 1 Etagenbettkabinen sowie in einem Saloon. Der Segelkatamaran Lavezzi 40 Sampei steht zum Chartern und Segeln in der n\u00f6rdlichen Adria in Istrien &hellip; <a href=\"https:\/\/www.yachtcharter.si\/de\/lavezzi-40-sampei\/\">Weiter<\/a><\/p>\n","protected":false},"author":1,"featured_media":744,"parent":0,"menu_order":0,"comment_status":"closed","ping_status":"closed","template":"","meta":{"kt_blocks_editor_width":"","_monsterinsights_skip_tracking":false,"_monsterinsights_sitenote_active":false,"_monsterinsights_sitenote_note":"","_monsterinsights_sitenote_category":0,"footnotes":""},"class_list":["post-392","page","type-page","status-publish","has-post-thumbnail","hentry"],"yoast_head":"<!-- This site is optimized with the Yoast SEO plugin v26.9 - https:\/\/yoast.com\/product\/yoast-seo-wordpress\/ -->\n<title>Segelkatamaran Lavezzi 40 zum Chartern ab Izola in Slowenien<\/title>\n<meta name=\"description\" content=\"Segelkatamaran Lavezzi 40 Sampei zum Chartern ab Izola in Slowenien und zum Segeln auf der Adria, Segelkatamaran Chartern Izola Slowenien\" \/>\n<meta name=\"robots\" content=\"index, follow, max-snippet:-1, max-image-preview:large, max-video-preview:-1\" \/>\n<link rel=\"canonical\" href=\"https:\/\/www.yachtcharter.si\/de\/lavezzi-40-sampei\/\" \/>\n<script type=\"application\/ld+json\" class=\"yoast-schema-graph\">{\"@context\":\"https:\/\/schema.org\",\"@graph\":[{\"@type\":\"WebPage\",\"@id\":\"https:\/\/www.yachtcharter.si\/de\/lavezzi-40-sampei\/\",\"url\":\"https:\/\/www.yachtcharter.si\/de\/lavezzi-40-sampei\/\",\"name\":\"Segelkatamaran Lavezzi 40 zum Chartern ab Izola in Slowenien\",\"isPartOf\":{\"@id\":\"https:\/\/www.yachtcharter.si\/de\/#website\"},\"primaryImageOfPage\":{\"@id\":\"https:\/\/www.yachtcharter.si\/de\/lavezzi-40-sampei\/#primaryimage\"},\"image\":{\"@id\":\"https:\/\/www.yachtcharter.si\/de\/lavezzi-40-sampei\/#primaryimage\"},\"thumbnailUrl\":\"https:\/\/www.yachtcharter.si\/de\/wp-content\/uploads\/2025\/02\/Lavezzi_40_Sampei_katamaran_charter_Izola_Slowenien.jpg\",\"datePublished\":\"2025-01-25T09:31:02+00:00\",\"dateModified\":\"2025-06-04T10:49:25+00:00\",\"description\":\"Segelkatamaran Lavezzi 40 Sampei zum Chartern ab Izola in Slowenien und zum Segeln auf der Adria, Segelkatamaran Chartern Izola Slowenien\",\"breadcrumb\":{\"@id\":\"https:\/\/www.yachtcharter.si\/de\/lavezzi-40-sampei\/#breadcrumb\"},\"inLanguage\":\"de\",\"potentialAction\":[{\"@type\":\"ReadAction\",\"target\":[\"https:\/\/www.yachtcharter.si\/de\/lavezzi-40-sampei\/\"]}]},{\"@type\":\"ImageObject\",\"inLanguage\":\"de\",\"@id\":\"https:\/\/www.yachtcharter.si\/de\/lavezzi-40-sampei\/#primaryimage\",\"url\":\"https:\/\/www.yachtcharter.si\/de\/wp-content\/uploads\/2025\/02\/Lavezzi_40_Sampei_katamaran_charter_Izola_Slowenien.jpg\",\"contentUrl\":\"https:\/\/www.yachtcharter.si\/de\/wp-content\/uploads\/2025\/02\/Lavezzi_40_Sampei_katamaran_charter_Izola_Slowenien.jpg\",\"width\":2560,\"height\":1920,\"caption\":\"Lavezzi 40 Sampei zum Chartern ab Izola in Slowenien\"},{\"@type\":\"BreadcrumbList\",\"@id\":\"https:\/\/www.yachtcharter.si\/de\/lavezzi-40-sampei\/#breadcrumb\",\"itemListElement\":[{\"@type\":\"ListItem\",\"position\":1,\"name\":\"Startseite\",\"item\":\"https:\/\/www.yachtcharter.si\/de\/\"},{\"@type\":\"ListItem\",\"position\":2,\"name\":\"Lavezzi 40 Sampei\"}]},{\"@type\":\"WebSite\",\"@id\":\"https:\/\/www.yachtcharter.si\/de\/#website\",\"url\":\"https:\/\/www.yachtcharter.si\/de\/\",\"name\":\"Yachtcharter.si\",\"description\":\"Yachtcharter in Slowenien und Segeln an der Adria\",\"potentialAction\":[{\"@type\":\"SearchAction\",\"target\":{\"@type\":\"EntryPoint\",\"urlTemplate\":\"https:\/\/www.yachtcharter.si\/de\/?s={search_term_string}\"},\"query-input\":{\"@type\":\"PropertyValueSpecification\",\"valueRequired\":true,\"valueName\":\"search_term_string\"}}],\"inLanguage\":\"de\"}]}<\/script>\n<!-- \/ Yoast SEO plugin. -->","yoast_head_json":{"title":"Segelkatamaran Lavezzi 40 zum Chartern ab Izola in Slowenien","description":"Segelkatamaran Lavezzi 40 Sampei zum Chartern ab Izola in Slowenien und zum Segeln auf der Adria, Segelkatamaran Chartern Izola Slowenien","robots":{"index":"index","follow":"follow","max-snippet":"max-snippet:-1","max-image-preview":"max-image-preview:large","max-video-preview":"max-video-preview:-1"},"canonical":"https:\/\/www.yachtcharter.si\/de\/lavezzi-40-sampei\/","schema":{"@context":"https:\/\/schema.org","@graph":[{"@type":"WebPage","@id":"https:\/\/www.yachtcharter.si\/de\/lavezzi-40-sampei\/","url":"https:\/\/www.yachtcharter.si\/de\/lavezzi-40-sampei\/","name":"Segelkatamaran Lavezzi 40 zum Chartern ab Izola in Slowenien","isPartOf":{"@id":"https:\/\/www.yachtcharter.si\/de\/#website"},"primaryImageOfPage":{"@id":"https:\/\/www.yachtcharter.si\/de\/lavezzi-40-sampei\/#primaryimage"},"image":{"@id":"https:\/\/www.yachtcharter.si\/de\/lavezzi-40-sampei\/#primaryimage"},"thumbnailUrl":"https:\/\/www.yachtcharter.si\/de\/wp-content\/uploads\/2025\/02\/Lavezzi_40_Sampei_katamaran_charter_Izola_Slowenien.jpg","datePublished":"2025-01-25T09:31:02+00:00","dateModified":"2025-06-04T10:49:25+00:00","description":"Segelkatamaran Lavezzi 40 Sampei zum Chartern ab Izola in Slowenien und zum Segeln auf der Adria, Segelkatamaran Chartern Izola Slowenien","breadcrumb":{"@id":"https:\/\/www.yachtcharter.si\/de\/lavezzi-40-sampei\/#breadcrumb"},"inLanguage":"de","potentialAction":[{"@type":"ReadAction","target":["https:\/\/www.yachtcharter.si\/de\/lavezzi-40-sampei\/"]}]},{"@type":"ImageObject","inLanguage":"de","@id":"https:\/\/www.yachtcharter.si\/de\/lavezzi-40-sampei\/#primaryimage","url":"https:\/\/www.yachtcharter.si\/de\/wp-content\/uploads\/2025\/02\/Lavezzi_40_Sampei_katamaran_charter_Izola_Slowenien.jpg","contentUrl":"https:\/\/www.yachtcharter.si\/de\/wp-content\/uploads\/2025\/02\/Lavezzi_40_Sampei_katamaran_charter_Izola_Slowenien.jpg","width":2560,"height":1920,"caption":"Lavezzi 40 Sampei zum Chartern ab Izola in Slowenien"},{"@type":"BreadcrumbList","@id":"https:\/\/www.yachtcharter.si\/de\/lavezzi-40-sampei\/#breadcrumb","itemListElement":[{"@type":"ListItem","position":1,"name":"Startseite","item":"https:\/\/www.yachtcharter.si\/de\/"},{"@type":"ListItem","position":2,"name":"Lavezzi 40 Sampei"}]},{"@type":"WebSite","@id":"https:\/\/www.yachtcharter.si\/de\/#website","url":"https:\/\/www.yachtcharter.si\/de\/","name":"Yachtcharter.si","description":"Yachtcharter in Slowenien und Segeln an der Adria","potentialAction":[{"@type":"SearchAction","target":{"@type":"EntryPoint","urlTemplate":"https:\/\/www.yachtcharter.si\/de\/?s={search_term_string}"},"query-input":{"@type":"PropertyValueSpecification","valueRequired":true,"valueName":"search_term_string"}}],"inLanguage":"de"}]}},"_links":{"self":[{"href":"https:\/\/www.yachtcharter.si\/de\/wp-json\/wp\/v2\/pages\/392","targetHints":{"allow":["GET"]}}],"collection":[{"href":"https:\/\/www.yachtcharter.si\/de\/wp-json\/wp\/v2\/pages"}],"about":[{"href":"https:\/\/www.yachtcharter.si\/de\/wp-json\/wp\/v2\/types\/page"}],"author":[{"embeddable":true,"href":"https:\/\/www.yachtcharter.si\/de\/wp-json\/wp\/v2\/users\/1"}],"replies":[{"embeddable":true,"href":"https:\/\/www.yachtcharter.si\/de\/wp-json\/wp\/v2\/comments?post=392"}],"version-history":[{"count":9,"href":"https:\/\/www.yachtcharter.si\/de\/wp-json\/wp\/v2\/pages\/392\/revisions"}],"predecessor-version":[{"id":1022,"href":"https:\/\/www.yachtcharter.si\/de\/wp-json\/wp\/v2\/pages\/392\/revisions\/1022"}],"wp:featuredmedia":[{"embeddable":true,"href":"https:\/\/www.yachtcharter.si\/de\/wp-json\/wp\/v2\/media\/744"}],"wp:attachment":[{"href":"https:\/\/www.yachtcharter.si\/de\/wp-json\/wp\/v2\/media?parent=392"}],"curies":[{"name":"wp","href":"https:\/\/api.w.org\/{rel}","templated":true}]}}