{"id":617,"date":"2025-02-02T19:34:00","date_gmt":"2025-02-02T18:34:00","guid":{"rendered":"https:\/\/www.yachtcharter.si\/de\/?page_id=617"},"modified":"2025-06-04T11:02:34","modified_gmt":"2025-06-04T10:02:34","slug":"bavaria-c42-hope-i","status":"publish","type":"page","link":"https:\/\/www.yachtcharter.si\/de\/bavaria-c42-hope-i\/","title":{"rendered":"Bavaria C42 Hope I"},"content":{"rendered":"<style>.kb-gallery-id-617_2c9494-90 .kadence-blocks-gallery-item .kb-gal-image-radius, .kb-gallery-id-617_2c9494-90 .kb-slide-item .kb-gal-image-radius img{border-radius:0px 0px 0px 0px;;}.kb-gallery-wrap-id-617_2c9494-90.wp-block-kadence-advancedgallery{overflow:visible;}.kb-gallery-wrap-id-617_2c9494-90.wp-block-kadence-advancedgallery .kt-blocks-carousel{overflow:visible;}<\/style><div class=\"kb-gallery-wrap-id-617_2c9494-90 alignnone wp-block-kadence-advancedgallery\"><div class=\"kb-gallery-ul kb-gallery-non-static kb-gallery-type-slider kb-gallery-id-617_2c9494-90 kb-gallery-caption-style-bottom-hover kb-gallery-filter-none\" data-image-filter=\"none\" data-lightbox-caption=\"true\"><div class=\"kt-blocks-carousel splide kt-carousel-container-dotstyle-dark kt-carousel-arrowstyle-whiteondark kt-carousel-dotstyle-dark kb-slider-group-arrow kb-slider-arrow-position-center\" data-slider-anim-speed=\"400\" data-slider-scroll=\"1\" data-slider-arrows=\"true\" data-slider-fade=\"true\" data-slider-dots=\"true\" data-slider-type=\"slider\" data-slider-hover-pause=\"false\" data-slider-auto=\"1\" data-slider-speed=\"7000\" data-show-pause-button=\"false\"><div class=\"splide__track\"><ul class=\"kt-blocks-carousel-init kb-blocks-slider splide__list\"><li class=\"kb-slide-item kb-gallery-slide-item splide__slide\"><div class=\"kadence-blocks-gallery-item\"><div class=\"kadence-blocks-gallery-item-inner\"><figure class=\"kb-gallery-figure kadence-blocks-gallery-item-hide-caption\"><div class=\"kb-gal-image-radius\"><div class=\"kb-gallery-image-contain kadence-blocks-gallery-intrinsic kb-gallery-image-ratio-land32 kb-has-image-ratio-land32\" ><img loading=\"lazy\" decoding=\"async\" src=\"https:\/\/www.yachtcharter.si\/de\/wp-content\/uploads\/2025\/02\/Bavaria_C42_HopeI_bootscharter_Izola_Slowenien-1024x768.jpg\" width=\"1024\" height=\"768\" alt=\"\" data-full-image=\"https:\/\/www.yachtcharter.si\/de\/wp-content\/uploads\/2025\/02\/Bavaria_C42_HopeI_bootscharter_Izola_Slowenien.jpg\" data-light-image=\"https:\/\/www.yachtcharter.si\/de\/wp-content\/uploads\/2025\/02\/Bavaria_C42_HopeI_bootscharter_Izola_Slowenien.jpg\" data-id=\"711\" class=\"wp-image-711 skip-lazy\" srcset=\"https:\/\/www.yachtcharter.si\/de\/wp-content\/uploads\/2025\/02\/Bavaria_C42_HopeI_bootscharter_Izola_Slowenien-1024x768.jpg 1024w, https:\/\/www.yachtcharter.si\/de\/wp-content\/uploads\/2025\/02\/Bavaria_C42_HopeI_bootscharter_Izola_Slowenien-300x225.jpg 300w, https:\/\/www.yachtcharter.si\/de\/wp-content\/uploads\/2025\/02\/Bavaria_C42_HopeI_bootscharter_Izola_Slowenien-768x576.jpg 768w, https:\/\/www.yachtcharter.si\/de\/wp-content\/uploads\/2025\/02\/Bavaria_C42_HopeI_bootscharter_Izola_Slowenien-1536x1152.jpg 1536w, https:\/\/www.yachtcharter.si\/de\/wp-content\/uploads\/2025\/02\/Bavaria_C42_HopeI_bootscharter_Izola_Slowenien-2048x1536.jpg 2048w\" sizes=\"auto, (max-width: 1024px) 100vw, 1024px\" \/><\/div><\/div><\/figure><\/div><\/div><\/li><li class=\"kb-slide-item kb-gallery-slide-item splide__slide\"><div class=\"kadence-blocks-gallery-item\"><div class=\"kadence-blocks-gallery-item-inner\"><figure class=\"kb-gallery-figure kadence-blocks-gallery-item-hide-caption\"><div class=\"kb-gal-image-radius\"><div class=\"kb-gallery-image-contain kadence-blocks-gallery-intrinsic kb-gallery-image-ratio-land32 kb-has-image-ratio-land32\" ><img loading=\"lazy\" decoding=\"async\" src=\"https:\/\/www.yachtcharter.si\/de\/wp-content\/uploads\/2025\/02\/Bavaria_C42_bootscharter_Izola_Slowenien-1024x768.jpg\" width=\"1024\" height=\"768\" alt=\"\" data-full-image=\"https:\/\/www.yachtcharter.si\/de\/wp-content\/uploads\/2025\/02\/Bavaria_C42_bootscharter_Izola_Slowenien.jpg\" data-light-image=\"https:\/\/www.yachtcharter.si\/de\/wp-content\/uploads\/2025\/02\/Bavaria_C42_bootscharter_Izola_Slowenien.jpg\" data-id=\"712\" class=\"wp-image-712 skip-lazy\" srcset=\"https:\/\/www.yachtcharter.si\/de\/wp-content\/uploads\/2025\/02\/Bavaria_C42_bootscharter_Izola_Slowenien-1024x768.jpg 1024w, https:\/\/www.yachtcharter.si\/de\/wp-content\/uploads\/2025\/02\/Bavaria_C42_bootscharter_Izola_Slowenien-300x225.jpg 300w, https:\/\/www.yachtcharter.si\/de\/wp-content\/uploads\/2025\/02\/Bavaria_C42_bootscharter_Izola_Slowenien-768x576.jpg 768w, https:\/\/www.yachtcharter.si\/de\/wp-content\/uploads\/2025\/02\/Bavaria_C42_bootscharter_Izola_Slowenien-1536x1152.jpg 1536w, https:\/\/www.yachtcharter.si\/de\/wp-content\/uploads\/2025\/02\/Bavaria_C42_bootscharter_Izola_Slowenien-2048x1536.jpg 2048w, https:\/\/www.yachtcharter.si\/de\/wp-content\/uploads\/2025\/02\/Bavaria_C42_bootscharter_Izola_Slowenien-1200x900-cropped.jpg 1200w\" sizes=\"auto, (max-width: 1024px) 100vw, 1024px\" \/><\/div><\/div><\/figure><\/div><\/div><\/li><li class=\"kb-slide-item kb-gallery-slide-item splide__slide\"><div class=\"kadence-blocks-gallery-item\"><div class=\"kadence-blocks-gallery-item-inner\"><figure class=\"kb-gallery-figure kadence-blocks-gallery-item-hide-caption\"><div class=\"kb-gal-image-radius\"><div class=\"kb-gallery-image-contain kadence-blocks-gallery-intrinsic kb-gallery-image-ratio-land32 kb-has-image-ratio-land32\" ><img loading=\"lazy\" decoding=\"async\" src=\"https:\/\/www.yachtcharter.si\/de\/wp-content\/uploads\/2025\/02\/Bavaria_C42_boot_charter_Izola_Slowenien-1024x768.jpg\" width=\"1024\" height=\"768\" alt=\"\" data-full-image=\"https:\/\/www.yachtcharter.si\/de\/wp-content\/uploads\/2025\/02\/Bavaria_C42_boot_charter_Izola_Slowenien.jpg\" data-light-image=\"https:\/\/www.yachtcharter.si\/de\/wp-content\/uploads\/2025\/02\/Bavaria_C42_boot_charter_Izola_Slowenien.jpg\" data-id=\"713\" class=\"wp-image-713 skip-lazy\" srcset=\"https:\/\/www.yachtcharter.si\/de\/wp-content\/uploads\/2025\/02\/Bavaria_C42_boot_charter_Izola_Slowenien-1024x768.jpg 1024w, https:\/\/www.yachtcharter.si\/de\/wp-content\/uploads\/2025\/02\/Bavaria_C42_boot_charter_Izola_Slowenien-300x225.jpg 300w, https:\/\/www.yachtcharter.si\/de\/wp-content\/uploads\/2025\/02\/Bavaria_C42_boot_charter_Izola_Slowenien-768x576.jpg 768w, https:\/\/www.yachtcharter.si\/de\/wp-content\/uploads\/2025\/02\/Bavaria_C42_boot_charter_Izola_Slowenien-1536x1152.jpg 1536w, https:\/\/www.yachtcharter.si\/de\/wp-content\/uploads\/2025\/02\/Bavaria_C42_boot_charter_Izola_Slowenien-2048x1536.jpg 2048w\" sizes=\"auto, (max-width: 1024px) 100vw, 1024px\" \/><\/div><\/div><\/figure><\/div><\/div><\/li><li class=\"kb-slide-item kb-gallery-slide-item splide__slide\"><div class=\"kadence-blocks-gallery-item\"><div class=\"kadence-blocks-gallery-item-inner\"><figure class=\"kb-gallery-figure kadence-blocks-gallery-item-hide-caption\"><div class=\"kb-gal-image-radius\"><div class=\"kb-gallery-image-contain kadence-blocks-gallery-intrinsic kb-gallery-image-ratio-land32 kb-has-image-ratio-land32\" ><img loading=\"lazy\" decoding=\"async\" src=\"https:\/\/www.yachtcharter.si\/de\/wp-content\/uploads\/2025\/02\/Bavaria_C42_HopeI_boot_charter_Izola_Slowenien-1024x680.jpg\" width=\"1024\" height=\"680\" alt=\"\" data-full-image=\"https:\/\/www.yachtcharter.si\/de\/wp-content\/uploads\/2025\/02\/Bavaria_C42_HopeI_boot_charter_Izola_Slowenien.jpg\" data-light-image=\"https:\/\/www.yachtcharter.si\/de\/wp-content\/uploads\/2025\/02\/Bavaria_C42_HopeI_boot_charter_Izola_Slowenien.jpg\" data-id=\"714\" class=\"wp-image-714 skip-lazy\" srcset=\"https:\/\/www.yachtcharter.si\/de\/wp-content\/uploads\/2025\/02\/Bavaria_C42_HopeI_boot_charter_Izola_Slowenien-1024x680.jpg 1024w, https:\/\/www.yachtcharter.si\/de\/wp-content\/uploads\/2025\/02\/Bavaria_C42_HopeI_boot_charter_Izola_Slowenien-300x199.jpg 300w, https:\/\/www.yachtcharter.si\/de\/wp-content\/uploads\/2025\/02\/Bavaria_C42_HopeI_boot_charter_Izola_Slowenien-768x510.jpg 768w, https:\/\/www.yachtcharter.si\/de\/wp-content\/uploads\/2025\/02\/Bavaria_C42_HopeI_boot_charter_Izola_Slowenien-1536x1020.jpg 1536w, https:\/\/www.yachtcharter.si\/de\/wp-content\/uploads\/2025\/02\/Bavaria_C42_HopeI_boot_charter_Izola_Slowenien-2048x1360.jpg 2048w\" sizes=\"auto, (max-width: 1024px) 100vw, 1024px\" \/><\/div><\/div><\/figure><\/div><\/div><\/li><li class=\"kb-slide-item kb-gallery-slide-item splide__slide\"><div class=\"kadence-blocks-gallery-item\"><div class=\"kadence-blocks-gallery-item-inner\"><figure class=\"kb-gallery-figure kadence-blocks-gallery-item-hide-caption\"><div class=\"kb-gal-image-radius\"><div class=\"kb-gallery-image-contain kadence-blocks-gallery-intrinsic kb-gallery-image-ratio-land32 kb-has-image-ratio-land32\" ><img loading=\"lazy\" decoding=\"async\" src=\"https:\/\/www.yachtcharter.si\/de\/wp-content\/uploads\/2025\/02\/Bavaria_C42_HopeI_charter_Izola_Slowenien-1024x680.jpg\" width=\"1024\" height=\"680\" alt=\"\" data-full-image=\"https:\/\/www.yachtcharter.si\/de\/wp-content\/uploads\/2025\/02\/Bavaria_C42_HopeI_charter_Izola_Slowenien.jpg\" data-light-image=\"https:\/\/www.yachtcharter.si\/de\/wp-content\/uploads\/2025\/02\/Bavaria_C42_HopeI_charter_Izola_Slowenien.jpg\" data-id=\"715\" class=\"wp-image-715 skip-lazy\" srcset=\"https:\/\/www.yachtcharter.si\/de\/wp-content\/uploads\/2025\/02\/Bavaria_C42_HopeI_charter_Izola_Slowenien-1024x680.jpg 1024w, https:\/\/www.yachtcharter.si\/de\/wp-content\/uploads\/2025\/02\/Bavaria_C42_HopeI_charter_Izola_Slowenien-300x199.jpg 300w, https:\/\/www.yachtcharter.si\/de\/wp-content\/uploads\/2025\/02\/Bavaria_C42_HopeI_charter_Izola_Slowenien-768x510.jpg 768w, https:\/\/www.yachtcharter.si\/de\/wp-content\/uploads\/2025\/02\/Bavaria_C42_HopeI_charter_Izola_Slowenien-1536x1020.jpg 1536w, https:\/\/www.yachtcharter.si\/de\/wp-content\/uploads\/2025\/02\/Bavaria_C42_HopeI_charter_Izola_Slowenien-2048x1360.jpg 2048w\" sizes=\"auto, (max-width: 1024px) 100vw, 1024px\" \/><\/div><\/div><\/figure><\/div><\/div><\/li><li class=\"kb-slide-item kb-gallery-slide-item splide__slide\"><div class=\"kadence-blocks-gallery-item\"><div class=\"kadence-blocks-gallery-item-inner\"><figure class=\"kb-gallery-figure kadence-blocks-gallery-item-hide-caption\"><div class=\"kb-gal-image-radius\"><div class=\"kb-gallery-image-contain kadence-blocks-gallery-intrinsic kb-gallery-image-ratio-land32 kb-has-image-ratio-land32\" ><img loading=\"lazy\" decoding=\"async\" src=\"https:\/\/www.yachtcharter.si\/de\/wp-content\/uploads\/2025\/02\/Bavaria_C42_charter_Izola_Slowenien-1024x680.jpg\" width=\"1024\" height=\"680\" alt=\"\" data-full-image=\"https:\/\/www.yachtcharter.si\/de\/wp-content\/uploads\/2025\/02\/Bavaria_C42_charter_Izola_Slowenien.jpg\" data-light-image=\"https:\/\/www.yachtcharter.si\/de\/wp-content\/uploads\/2025\/02\/Bavaria_C42_charter_Izola_Slowenien.jpg\" data-id=\"716\" class=\"wp-image-716 skip-lazy\" srcset=\"https:\/\/www.yachtcharter.si\/de\/wp-content\/uploads\/2025\/02\/Bavaria_C42_charter_Izola_Slowenien-1024x680.jpg 1024w, https:\/\/www.yachtcharter.si\/de\/wp-content\/uploads\/2025\/02\/Bavaria_C42_charter_Izola_Slowenien-300x199.jpg 300w, https:\/\/www.yachtcharter.si\/de\/wp-content\/uploads\/2025\/02\/Bavaria_C42_charter_Izola_Slowenien-768x510.jpg 768w, https:\/\/www.yachtcharter.si\/de\/wp-content\/uploads\/2025\/02\/Bavaria_C42_charter_Izola_Slowenien-1536x1021.jpg 1536w, https:\/\/www.yachtcharter.si\/de\/wp-content\/uploads\/2025\/02\/Bavaria_C42_charter_Izola_Slowenien-2048x1361.jpg 2048w\" sizes=\"auto, (max-width: 1024px) 100vw, 1024px\" \/><\/div><\/div><\/figure><\/div><\/div><\/li><\/ul><\/div><\/div><\/div><\/div>\n\n<style>.wp-block-kadence-spacer.kt-block-spacer-617_ea75bb-38 .kt-block-spacer{height:60px;}.wp-block-kadence-spacer.kt-block-spacer-617_ea75bb-38 .kt-divider{border-top-width:1px;height:1px;border-top-color:#eee;width:80%;border-top-style:solid;}<\/style>\n<div class=\"wp-block-kadence-spacer aligncenter kt-block-spacer-617_ea75bb-38\"><div class=\"kt-block-spacer kt-block-spacer-halign-center\"><hr class=\"kt-divider\"\/><\/div><\/div>\n\n\n\n<p class=\"has-medium-font-size\">Die Segelboot Bavaria C42 namens Hope I ist ein Segelboot mit 3-Kabinen und 8 Schlafpl\u00e4tzen in 3 Doppelkabinen sowie in einem Saloon.<\/p>\n\n\n\n<p class=\"has-medium-font-size\">Die Segelboot Bavaria C42 Hope I steht zum Chartern und Segeln in der n\u00f6rdlichen Adria in Istrien und im Kvarner ab Marina Izola in Slowenien zur Verf\u00fcgung.<\/p>\n\n\n\n<p class=\"has-text-align-center has-virtue-primary-color has-text-color has-link-color has-medium-font-size wp-elements-1f8e16d0dd59d6f849c9e874b47857bb\"><strong>Ausstattung:<\/strong><\/p>\n\n\n\n<p class=\"has-medium-font-size\">Ausstattung des Segelbootes Elan Impression 40 Hope E:<\/p>\n\n\n\n<ul class=\"wp-block-list\">\n<li style=\"font-size:18px\">Rollgenua, Fullbatten Gro\u00dfsegel mit Lazy jack, 2 Lenkr\u00e4der,<\/li>\n\n\n\n<li style=\"font-size:18px\">Cockpittisch, Teakholz im Cockpit, Bimini , Sprayhood, Deckdusche,<\/li>\n\n\n\n<li style=\"font-size:18px\">Gel\u00e4ndernetz auf Anfrage und gegen Aufpreis,<\/li>\n\n\n\n<li style=\"font-size:18px\">Elektrische Ankerwinde,<\/li>\n\n\n\n<li style=\"font-size:18px\">Gennaker auf Anfrage und gegen Aufpreis,<\/li>\n\n\n\n<li style=\"font-size:18px\">Autopilot, GPS Plotter, GPS, UKW, Kompass, Navigationscharter, hafenf\u00fchrer, Windinstrument,<\/li>\n\n\n\n<li style=\"font-size:18px\">UKW Radio mit CD, LCD TV, <\/li>\n\n\n\n<li style=\"font-size:18px\">Kissen und Decken, Bettw\u00e4sche, Handt\u00fcschee (1 set pro Person),<\/li>\n\n\n\n<li style=\"font-size:18px\">Rettungsring oder Hufeisenboje, Schwimmwesten, Nebelhorn, Erste-Hilfe-Set, Feuerl\u00f6scher, Notsignale,<\/li>\n\n\n\n<li style=\"font-size:18px\">elektrische Bilgenpumpe,<\/li>\n\n\n\n<li style=\"font-size:18px\">Beiboot, Au\u00dfenbordmotor auf Anfrage und gegen Aufpreis,<\/li>\n\n\n\n<li style=\"font-size:18px\">Batterieladeger\u00e4t, Landstrom,<\/li>\n\n\n\n<li style=\"font-size:18px\">Warmwasser, K\u00fchlschrank, Innenheizung, <\/li>\n\n\n\n<li style=\"font-size:18px\">Gasflaschen, Herd mit Backofen, K\u00fcchenutensilien,<\/li>\n\n\n\n<li style=\"font-size:18px\">Buhstruhlruder.<\/li>\n<\/ul>\n\n\n\n<p class=\"has-text-align-center has-virtue-primary-color has-text-color has-link-color has-medium-font-size wp-elements-5fa988125c8d3818e2d3f9e22363ae58\"><strong>Technische Specifikation und Grundriss:<\/strong><\/p>\n\n\n\n<div class=\"wp-block-group\"><div class=\"wp-block-group__inner-container is-layout-constrained wp-block-group-is-layout-constrained\">\n<figure class=\"wp-block-table is-style-stripes\"><table><tbody><tr><td>L\u00e4nge: 12,38 m<br>Breite: 4,29 m<br>Tiefgang: 2,10 m<br>Motor: Yanmar 40 HP<br>Treibstoff: Diesel<br>Treibstofftank: 170 lit.<br>Frischwassertank: 512 lit<br>Hauptsegel: Fullbatten mit Lazy jack<br>Genoa: Roll<br>Lenkrad: 2 R\u00e4der<br>Kabinen: 3<br>Schlafpl\u00e4tze: 6 + 2<br>Toiletten: 2<br>Baujahr: 2023<\/td><td><img loading=\"lazy\" decoding=\"async\" width=\"150\" height=\"298\" class=\"wp-image-717\" style=\"width: 150px;\" src=\"https:\/\/www.yachtcharter.si\/de\/wp-content\/uploads\/2025\/02\/Bavaria_C42_Hope_I_layout_Izola_Slovenia.jpg\" alt=\"Innenausstattung des Bavaria C42 Hope I\" srcset=\"https:\/\/www.yachtcharter.si\/de\/wp-content\/uploads\/2025\/02\/Bavaria_C42_Hope_I_layout_Izola_Slovenia.jpg 500w, https:\/\/www.yachtcharter.si\/de\/wp-content\/uploads\/2025\/02\/Bavaria_C42_Hope_I_layout_Izola_Slovenia-151x300.jpg 151w\" sizes=\"auto, (max-width: 150px) 100vw, 150px\" \/><\/td><\/tr><\/tbody><\/table><\/figure>\n<\/div><\/div>\n\n\n<style>.wp-block-kadence-spacer.kt-block-spacer-617_16a42a-3a .kt-block-spacer{height:60px;}.wp-block-kadence-spacer.kt-block-spacer-617_16a42a-3a .kt-divider{border-top-width:1px;height:1px;border-top-color:#eee;width:80%;border-top-style:solid;}<\/style>\n<div class=\"wp-block-kadence-spacer aligncenter kt-block-spacer-617_16a42a-3a\"><div class=\"kt-block-spacer kt-block-spacer-halign-center\"><hr class=\"kt-divider\"\/><\/div><\/div>\n\n\n\n<p class=\"has-text-align-center has-virtue-primary-color has-text-color has-link-color has-medium-font-size wp-elements-a016b484b75ea9d3a33839dc473a926b\"><strong>Check-in \/ Check-out:<\/strong><\/p>\n\n\n\n<p class=\"has-medium-font-size\">Check-in und Check-out in Marina Izola in Slowenien.<\/p>\n\n\n\n<ul class=\"wp-block-list\">\n<li style=\"font-size:18px\">Check-in am Samstag nach 17.00 Uhr<\/li>\n\n\n\n<li style=\"font-size:18px\">Check-out am Samstag vor 9.00 Uhr<\/li>\n<\/ul>\n\n\n\n<p class=\"has-text-align-center has-virtue-primary-color has-text-color has-link-color has-medium-font-size wp-elements-f3904711bee8cd46e0cd5641d55631ca\"><strong>Flughafentransfers:<\/strong><\/p>\n\n\n\n<p class=\"has-medium-font-size\">Flughafentransfers sind auf Anfrage vom Flughafen Ljubljana, vom Flughafen Venedig, vom Flughafen Triest, vom Flughafen Rijeka und vom Flughafen Pula verf\u00fcgbar.<\/p>\n\n\n\n<p class=\"has-text-align-center has-virtue-primary-color has-text-color has-link-color has-medium-font-size wp-elements-ada6b5790dd3a50e5285b2e538d1661f\"><strong>Preise und Verf\u00fcgbarkeit:<\/strong><\/p>\n\n\n\n<p class=\"has-medium-font-size\">Verf\u00fcgbarkeit und tats\u00e4chliche Preise werden zum Zeitpunkt der Buchung bereicht und sind bei Yachtsuche verf\u00fcgbar.<\/p>\n\n\n\n<p class=\"has-text-align-center has-virtue-primary-color has-text-color has-link-color has-medium-font-size wp-elements-2ba2cfe74816763255ee8d8d94b52824\"><strong>Rabatte:<\/strong><\/p>\n\n\n\n<p class=\"has-medium-font-size\">Die tats\u00e4chlichen Rabatte verden zum Zeitpunkt der Bichung berechnet.<\/p>\n\n\n<style>.wp-block-kadence-spacer.kt-block-spacer-617_36091c-49 .kt-block-spacer{height:60px;}.wp-block-kadence-spacer.kt-block-spacer-617_36091c-49 .kt-divider{border-top-width:1px;height:1px;border-top-color:#eee;width:80%;border-top-style:solid;}<\/style>\n<div class=\"wp-block-kadence-spacer aligncenter kt-block-spacer-617_36091c-49\"><div class=\"kt-block-spacer kt-block-spacer-halign-center\"><hr class=\"kt-divider\"\/><\/div><\/div>\n","protected":false},"excerpt":{"rendered":"<p>Die Segelboot Bavaria C42 namens Hope I ist ein Segelboot mit 3-Kabinen und 8 Schlafpl\u00e4tzen in 3 Doppelkabinen sowie in einem Saloon. Die Segelboot Bavaria C42 Hope I steht zum Chartern und Segeln in der n\u00f6rdlichen Adria in Istrien und &hellip; <a href=\"https:\/\/www.yachtcharter.si\/de\/bavaria-c42-hope-i\/\">Weiter<\/a><\/p>\n","protected":false},"author":1,"featured_media":712,"parent":0,"menu_order":0,"comment_status":"closed","ping_status":"closed","template":"","meta":{"kt_blocks_editor_width":"","_monsterinsights_skip_tracking":false,"_monsterinsights_sitenote_active":false,"_monsterinsights_sitenote_note":"","_monsterinsights_sitenote_category":0,"footnotes":""},"class_list":["post-617","page","type-page","status-publish","has-post-thumbnail","hentry"],"yoast_head":"<!-- This site is optimized with the Yoast SEO plugin v26.9 - https:\/\/yoast.com\/product\/yoast-seo-wordpress\/ -->\n<title>Segelboot Bavaria C42 Hope I zum Chartern ab Izola in Slowenien<\/title>\n<meta name=\"description\" content=\"Segelboot Bavaria C42 Hope I zum Chartern ab Izola in Slowenien und zum Segeln auf der Adria, Bavaria C42 zum Chartern in Slowenien\" \/>\n<meta name=\"robots\" content=\"index, follow, max-snippet:-1, max-image-preview:large, max-video-preview:-1\" \/>\n<link rel=\"canonical\" href=\"https:\/\/www.yachtcharter.si\/de\/bavaria-c42-hope-i\/\" \/>\n<script type=\"application\/ld+json\" class=\"yoast-schema-graph\">{\"@context\":\"https:\/\/schema.org\",\"@graph\":[{\"@type\":\"WebPage\",\"@id\":\"https:\/\/www.yachtcharter.si\/de\/bavaria-c42-hope-i\/\",\"url\":\"https:\/\/www.yachtcharter.si\/de\/bavaria-c42-hope-i\/\",\"name\":\"Segelboot Bavaria C42 Hope I zum Chartern ab Izola in Slowenien\",\"isPartOf\":{\"@id\":\"https:\/\/www.yachtcharter.si\/de\/#website\"},\"primaryImageOfPage\":{\"@id\":\"https:\/\/www.yachtcharter.si\/de\/bavaria-c42-hope-i\/#primaryimage\"},\"image\":{\"@id\":\"https:\/\/www.yachtcharter.si\/de\/bavaria-c42-hope-i\/#primaryimage\"},\"thumbnailUrl\":\"https:\/\/www.yachtcharter.si\/de\/wp-content\/uploads\/2025\/02\/Bavaria_C42_bootscharter_Izola_Slowenien.jpg\",\"datePublished\":\"2025-02-02T18:34:00+00:00\",\"dateModified\":\"2025-06-04T10:02:34+00:00\",\"description\":\"Segelboot Bavaria C42 Hope I zum Chartern ab Izola in Slowenien und zum Segeln auf der Adria, Bavaria C42 zum Chartern in Slowenien\",\"breadcrumb\":{\"@id\":\"https:\/\/www.yachtcharter.si\/de\/bavaria-c42-hope-i\/#breadcrumb\"},\"inLanguage\":\"de\",\"potentialAction\":[{\"@type\":\"ReadAction\",\"target\":[\"https:\/\/www.yachtcharter.si\/de\/bavaria-c42-hope-i\/\"]}]},{\"@type\":\"ImageObject\",\"inLanguage\":\"de\",\"@id\":\"https:\/\/www.yachtcharter.si\/de\/bavaria-c42-hope-i\/#primaryimage\",\"url\":\"https:\/\/www.yachtcharter.si\/de\/wp-content\/uploads\/2025\/02\/Bavaria_C42_bootscharter_Izola_Slowenien.jpg\",\"contentUrl\":\"https:\/\/www.yachtcharter.si\/de\/wp-content\/uploads\/2025\/02\/Bavaria_C42_bootscharter_Izola_Slowenien.jpg\",\"width\":2560,\"height\":1920,\"caption\":\"Bavaria C42 Hope I zum Chartern ab Izola in Slowenien\"},{\"@type\":\"BreadcrumbList\",\"@id\":\"https:\/\/www.yachtcharter.si\/de\/bavaria-c42-hope-i\/#breadcrumb\",\"itemListElement\":[{\"@type\":\"ListItem\",\"position\":1,\"name\":\"Startseite\",\"item\":\"https:\/\/www.yachtcharter.si\/de\/\"},{\"@type\":\"ListItem\",\"position\":2,\"name\":\"Bavaria C42 Hope I\"}]},{\"@type\":\"WebSite\",\"@id\":\"https:\/\/www.yachtcharter.si\/de\/#website\",\"url\":\"https:\/\/www.yachtcharter.si\/de\/\",\"name\":\"Yachtcharter.si\",\"description\":\"Yachtcharter in Slowenien und Segeln an der Adria\",\"potentialAction\":[{\"@type\":\"SearchAction\",\"target\":{\"@type\":\"EntryPoint\",\"urlTemplate\":\"https:\/\/www.yachtcharter.si\/de\/?s={search_term_string}\"},\"query-input\":{\"@type\":\"PropertyValueSpecification\",\"valueRequired\":true,\"valueName\":\"search_term_string\"}}],\"inLanguage\":\"de\"}]}<\/script>\n<!-- \/ Yoast SEO plugin. -->","yoast_head_json":{"title":"Segelboot Bavaria C42 Hope I zum Chartern ab Izola in Slowenien","description":"Segelboot Bavaria C42 Hope I zum Chartern ab Izola in Slowenien und zum Segeln auf der Adria, Bavaria C42 zum Chartern in Slowenien","robots":{"index":"index","follow":"follow","max-snippet":"max-snippet:-1","max-image-preview":"max-image-preview:large","max-video-preview":"max-video-preview:-1"},"canonical":"https:\/\/www.yachtcharter.si\/de\/bavaria-c42-hope-i\/","schema":{"@context":"https:\/\/schema.org","@graph":[{"@type":"WebPage","@id":"https:\/\/www.yachtcharter.si\/de\/bavaria-c42-hope-i\/","url":"https:\/\/www.yachtcharter.si\/de\/bavaria-c42-hope-i\/","name":"Segelboot Bavaria C42 Hope I zum Chartern ab Izola in Slowenien","isPartOf":{"@id":"https:\/\/www.yachtcharter.si\/de\/#website"},"primaryImageOfPage":{"@id":"https:\/\/www.yachtcharter.si\/de\/bavaria-c42-hope-i\/#primaryimage"},"image":{"@id":"https:\/\/www.yachtcharter.si\/de\/bavaria-c42-hope-i\/#primaryimage"},"thumbnailUrl":"https:\/\/www.yachtcharter.si\/de\/wp-content\/uploads\/2025\/02\/Bavaria_C42_bootscharter_Izola_Slowenien.jpg","datePublished":"2025-02-02T18:34:00+00:00","dateModified":"2025-06-04T10:02:34+00:00","description":"Segelboot Bavaria C42 Hope I zum Chartern ab Izola in Slowenien und zum Segeln auf der Adria, Bavaria C42 zum Chartern in Slowenien","breadcrumb":{"@id":"https:\/\/www.yachtcharter.si\/de\/bavaria-c42-hope-i\/#breadcrumb"},"inLanguage":"de","potentialAction":[{"@type":"ReadAction","target":["https:\/\/www.yachtcharter.si\/de\/bavaria-c42-hope-i\/"]}]},{"@type":"ImageObject","inLanguage":"de","@id":"https:\/\/www.yachtcharter.si\/de\/bavaria-c42-hope-i\/#primaryimage","url":"https:\/\/www.yachtcharter.si\/de\/wp-content\/uploads\/2025\/02\/Bavaria_C42_bootscharter_Izola_Slowenien.jpg","contentUrl":"https:\/\/www.yachtcharter.si\/de\/wp-content\/uploads\/2025\/02\/Bavaria_C42_bootscharter_Izola_Slowenien.jpg","width":2560,"height":1920,"caption":"Bavaria C42 Hope I zum Chartern ab Izola in Slowenien"},{"@type":"BreadcrumbList","@id":"https:\/\/www.yachtcharter.si\/de\/bavaria-c42-hope-i\/#breadcrumb","itemListElement":[{"@type":"ListItem","position":1,"name":"Startseite","item":"https:\/\/www.yachtcharter.si\/de\/"},{"@type":"ListItem","position":2,"name":"Bavaria C42 Hope I"}]},{"@type":"WebSite","@id":"https:\/\/www.yachtcharter.si\/de\/#website","url":"https:\/\/www.yachtcharter.si\/de\/","name":"Yachtcharter.si","description":"Yachtcharter in Slowenien und Segeln an der Adria","potentialAction":[{"@type":"SearchAction","target":{"@type":"EntryPoint","urlTemplate":"https:\/\/www.yachtcharter.si\/de\/?s={search_term_string}"},"query-input":{"@type":"PropertyValueSpecification","valueRequired":true,"valueName":"search_term_string"}}],"inLanguage":"de"}]}},"_links":{"self":[{"href":"https:\/\/www.yachtcharter.si\/de\/wp-json\/wp\/v2\/pages\/617","targetHints":{"allow":["GET"]}}],"collection":[{"href":"https:\/\/www.yachtcharter.si\/de\/wp-json\/wp\/v2\/pages"}],"about":[{"href":"https:\/\/www.yachtcharter.si\/de\/wp-json\/wp\/v2\/types\/page"}],"author":[{"embeddable":true,"href":"https:\/\/www.yachtcharter.si\/de\/wp-json\/wp\/v2\/users\/1"}],"replies":[{"embeddable":true,"href":"https:\/\/www.yachtcharter.si\/de\/wp-json\/wp\/v2\/comments?post=617"}],"version-history":[{"count":11,"href":"https:\/\/www.yachtcharter.si\/de\/wp-json\/wp\/v2\/pages\/617\/revisions"}],"predecessor-version":[{"id":1004,"href":"https:\/\/www.yachtcharter.si\/de\/wp-json\/wp\/v2\/pages\/617\/revisions\/1004"}],"wp:featuredmedia":[{"embeddable":true,"href":"https:\/\/www.yachtcharter.si\/de\/wp-json\/wp\/v2\/media\/712"}],"wp:attachment":[{"href":"https:\/\/www.yachtcharter.si\/de\/wp-json\/wp\/v2\/media?parent=617"}],"curies":[{"name":"wp","href":"https:\/\/api.w.org\/{rel}","templated":true}]}}