{"id":619,"date":"2025-02-02T19:34:30","date_gmt":"2025-02-02T18:34:30","guid":{"rendered":"https:\/\/www.yachtcharter.si\/de\/?page_id=619"},"modified":"2025-06-04T11:05:24","modified_gmt":"2025-06-04T10:05:24","slug":"bavaria-cruiser-36-eleven","status":"publish","type":"page","link":"https:\/\/www.yachtcharter.si\/de\/bavaria-cruiser-36-eleven\/","title":{"rendered":"Bavaria Cruiser 36 Eleven"},"content":{"rendered":"<style>.kb-gallery-id-619_543c9e-31 .kadence-blocks-gallery-item .kb-gal-image-radius, .kb-gallery-id-619_543c9e-31 .kb-slide-item .kb-gal-image-radius img{border-radius:0px 0px 0px 0px;;}.kb-gallery-wrap-id-619_543c9e-31.wp-block-kadence-advancedgallery{overflow:visible;}.kb-gallery-wrap-id-619_543c9e-31.wp-block-kadence-advancedgallery .kt-blocks-carousel{overflow:visible;}<\/style><div class=\"kb-gallery-wrap-id-619_543c9e-31 alignnone wp-block-kadence-advancedgallery\"><div class=\"kb-gallery-ul kb-gallery-non-static kb-gallery-type-slider kb-gallery-id-619_543c9e-31 kb-gallery-caption-style-bottom-hover kb-gallery-filter-none\" data-image-filter=\"none\" data-lightbox-caption=\"true\"><div class=\"kt-blocks-carousel splide kt-carousel-container-dotstyle-dark kt-carousel-arrowstyle-whiteondark kt-carousel-dotstyle-dark kb-slider-group-arrow kb-slider-arrow-position-center\" data-slider-anim-speed=\"400\" data-slider-scroll=\"1\" data-slider-arrows=\"true\" data-slider-fade=\"true\" data-slider-dots=\"true\" data-slider-type=\"slider\" data-slider-hover-pause=\"false\" data-slider-auto=\"1\" data-slider-speed=\"7000\" data-show-pause-button=\"false\"><div class=\"splide__track\"><ul class=\"kt-blocks-carousel-init kb-blocks-slider splide__list\"><li class=\"kb-slide-item kb-gallery-slide-item splide__slide\"><div class=\"kadence-blocks-gallery-item\"><div class=\"kadence-blocks-gallery-item-inner\"><figure class=\"kb-gallery-figure kadence-blocks-gallery-item-hide-caption\"><div class=\"kb-gal-image-radius\"><div class=\"kb-gallery-image-contain kadence-blocks-gallery-intrinsic kb-gallery-image-ratio-land32 kb-has-image-ratio-land32\" ><img loading=\"lazy\" decoding=\"async\" src=\"https:\/\/www.yachtcharter.si\/de\/wp-content\/uploads\/2025\/02\/Bavaria_Cruiser_36_Eleven_bootscharter_Izola_Slowenien-1024x768.jpg\" width=\"1024\" height=\"768\" alt=\"\" data-full-image=\"https:\/\/www.yachtcharter.si\/de\/wp-content\/uploads\/2025\/02\/Bavaria_Cruiser_36_Eleven_bootscharter_Izola_Slowenien.jpg\" data-light-image=\"https:\/\/www.yachtcharter.si\/de\/wp-content\/uploads\/2025\/02\/Bavaria_Cruiser_36_Eleven_bootscharter_Izola_Slowenien.jpg\" data-id=\"700\" class=\"wp-image-700 skip-lazy\" srcset=\"https:\/\/www.yachtcharter.si\/de\/wp-content\/uploads\/2025\/02\/Bavaria_Cruiser_36_Eleven_bootscharter_Izola_Slowenien-1024x768.jpg 1024w, https:\/\/www.yachtcharter.si\/de\/wp-content\/uploads\/2025\/02\/Bavaria_Cruiser_36_Eleven_bootscharter_Izola_Slowenien-300x225.jpg 300w, https:\/\/www.yachtcharter.si\/de\/wp-content\/uploads\/2025\/02\/Bavaria_Cruiser_36_Eleven_bootscharter_Izola_Slowenien-768x576.jpg 768w, https:\/\/www.yachtcharter.si\/de\/wp-content\/uploads\/2025\/02\/Bavaria_Cruiser_36_Eleven_bootscharter_Izola_Slowenien.jpg 1280w\" sizes=\"auto, (max-width: 1024px) 100vw, 1024px\" \/><\/div><\/div><\/figure><\/div><\/div><\/li><li class=\"kb-slide-item kb-gallery-slide-item splide__slide\"><div class=\"kadence-blocks-gallery-item\"><div class=\"kadence-blocks-gallery-item-inner\"><figure class=\"kb-gallery-figure kadence-blocks-gallery-item-hide-caption\"><div class=\"kb-gal-image-radius\"><div class=\"kb-gallery-image-contain kadence-blocks-gallery-intrinsic kb-gallery-image-ratio-land32 kb-has-image-ratio-land32\" ><img loading=\"lazy\" decoding=\"async\" src=\"https:\/\/www.yachtcharter.si\/de\/wp-content\/uploads\/2025\/02\/Bavaria_Cruiser_36_Eleven_boot_charter_Izola_Slowenien-1024x768.jpg\" width=\"1024\" height=\"768\" alt=\"\" data-full-image=\"https:\/\/www.yachtcharter.si\/de\/wp-content\/uploads\/2025\/02\/Bavaria_Cruiser_36_Eleven_boot_charter_Izola_Slowenien.jpg\" data-light-image=\"https:\/\/www.yachtcharter.si\/de\/wp-content\/uploads\/2025\/02\/Bavaria_Cruiser_36_Eleven_boot_charter_Izola_Slowenien.jpg\" data-id=\"701\" class=\"wp-image-701 skip-lazy\" srcset=\"https:\/\/www.yachtcharter.si\/de\/wp-content\/uploads\/2025\/02\/Bavaria_Cruiser_36_Eleven_boot_charter_Izola_Slowenien-1024x768.jpg 1024w, https:\/\/www.yachtcharter.si\/de\/wp-content\/uploads\/2025\/02\/Bavaria_Cruiser_36_Eleven_boot_charter_Izola_Slowenien-300x225.jpg 300w, https:\/\/www.yachtcharter.si\/de\/wp-content\/uploads\/2025\/02\/Bavaria_Cruiser_36_Eleven_boot_charter_Izola_Slowenien-768x576.jpg 768w, https:\/\/www.yachtcharter.si\/de\/wp-content\/uploads\/2025\/02\/Bavaria_Cruiser_36_Eleven_boot_charter_Izola_Slowenien-1200x900-cropped.jpg 1200w, https:\/\/www.yachtcharter.si\/de\/wp-content\/uploads\/2025\/02\/Bavaria_Cruiser_36_Eleven_boot_charter_Izola_Slowenien.jpg 1280w\" sizes=\"auto, (max-width: 1024px) 100vw, 1024px\" \/><\/div><\/div><\/figure><\/div><\/div><\/li><li class=\"kb-slide-item kb-gallery-slide-item splide__slide\"><div class=\"kadence-blocks-gallery-item\"><div class=\"kadence-blocks-gallery-item-inner\"><figure class=\"kb-gallery-figure kadence-blocks-gallery-item-hide-caption\"><div class=\"kb-gal-image-radius\"><div class=\"kb-gallery-image-contain kadence-blocks-gallery-intrinsic kb-gallery-image-ratio-land32 kb-has-image-ratio-land32\" ><img loading=\"lazy\" decoding=\"async\" src=\"https:\/\/www.yachtcharter.si\/de\/wp-content\/uploads\/2025\/02\/Bavaria_Cruiser_36_charter_Izola_Slowenien-1024x768.jpg\" width=\"1024\" height=\"768\" alt=\"\" data-full-image=\"https:\/\/www.yachtcharter.si\/de\/wp-content\/uploads\/2025\/02\/Bavaria_Cruiser_36_charter_Izola_Slowenien.jpg\" data-light-image=\"https:\/\/www.yachtcharter.si\/de\/wp-content\/uploads\/2025\/02\/Bavaria_Cruiser_36_charter_Izola_Slowenien.jpg\" data-id=\"702\" class=\"wp-image-702 skip-lazy\" srcset=\"https:\/\/www.yachtcharter.si\/de\/wp-content\/uploads\/2025\/02\/Bavaria_Cruiser_36_charter_Izola_Slowenien-1024x768.jpg 1024w, https:\/\/www.yachtcharter.si\/de\/wp-content\/uploads\/2025\/02\/Bavaria_Cruiser_36_charter_Izola_Slowenien-300x225.jpg 300w, https:\/\/www.yachtcharter.si\/de\/wp-content\/uploads\/2025\/02\/Bavaria_Cruiser_36_charter_Izola_Slowenien-768x576.jpg 768w, https:\/\/www.yachtcharter.si\/de\/wp-content\/uploads\/2025\/02\/Bavaria_Cruiser_36_charter_Izola_Slowenien.jpg 1280w\" sizes=\"auto, (max-width: 1024px) 100vw, 1024px\" \/><\/div><\/div><\/figure><\/div><\/div><\/li><li class=\"kb-slide-item kb-gallery-slide-item splide__slide\"><div class=\"kadence-blocks-gallery-item\"><div class=\"kadence-blocks-gallery-item-inner\"><figure class=\"kb-gallery-figure kadence-blocks-gallery-item-hide-caption\"><div class=\"kb-gal-image-radius\"><div class=\"kb-gallery-image-contain kadence-blocks-gallery-intrinsic kb-gallery-image-ratio-land32 kb-has-image-ratio-land32\" ><img loading=\"lazy\" decoding=\"async\" src=\"https:\/\/www.yachtcharter.si\/de\/wp-content\/uploads\/2025\/02\/Bavaria_Cruiser_36_Eleven_charter_Izola_Slowenien-1024x768.jpg\" width=\"1024\" height=\"768\" alt=\"\" data-full-image=\"https:\/\/www.yachtcharter.si\/de\/wp-content\/uploads\/2025\/02\/Bavaria_Cruiser_36_Eleven_charter_Izola_Slowenien.jpg\" data-light-image=\"https:\/\/www.yachtcharter.si\/de\/wp-content\/uploads\/2025\/02\/Bavaria_Cruiser_36_Eleven_charter_Izola_Slowenien.jpg\" data-id=\"703\" class=\"wp-image-703 skip-lazy\" srcset=\"https:\/\/www.yachtcharter.si\/de\/wp-content\/uploads\/2025\/02\/Bavaria_Cruiser_36_Eleven_charter_Izola_Slowenien-1024x768.jpg 1024w, https:\/\/www.yachtcharter.si\/de\/wp-content\/uploads\/2025\/02\/Bavaria_Cruiser_36_Eleven_charter_Izola_Slowenien-300x225.jpg 300w, https:\/\/www.yachtcharter.si\/de\/wp-content\/uploads\/2025\/02\/Bavaria_Cruiser_36_Eleven_charter_Izola_Slowenien-768x576.jpg 768w, https:\/\/www.yachtcharter.si\/de\/wp-content\/uploads\/2025\/02\/Bavaria_Cruiser_36_Eleven_charter_Izola_Slowenien.jpg 1280w\" sizes=\"auto, (max-width: 1024px) 100vw, 1024px\" \/><\/div><\/div><\/figure><\/div><\/div><\/li><li class=\"kb-slide-item kb-gallery-slide-item splide__slide\"><div class=\"kadence-blocks-gallery-item\"><div class=\"kadence-blocks-gallery-item-inner\"><figure class=\"kb-gallery-figure kadence-blocks-gallery-item-hide-caption\"><div class=\"kb-gal-image-radius\"><div class=\"kb-gallery-image-contain kadence-blocks-gallery-intrinsic kb-gallery-image-ratio-land32 kb-has-image-ratio-land32\" ><img loading=\"lazy\" decoding=\"async\" src=\"https:\/\/www.yachtcharter.si\/de\/wp-content\/uploads\/2025\/02\/Bavaria_Cruiser_36_boot_charter_Izola_Slowenien-1024x768.jpg\" width=\"1024\" height=\"768\" alt=\"\" data-full-image=\"https:\/\/www.yachtcharter.si\/de\/wp-content\/uploads\/2025\/02\/Bavaria_Cruiser_36_boot_charter_Izola_Slowenien.jpg\" data-light-image=\"https:\/\/www.yachtcharter.si\/de\/wp-content\/uploads\/2025\/02\/Bavaria_Cruiser_36_boot_charter_Izola_Slowenien.jpg\" data-id=\"704\" class=\"wp-image-704 skip-lazy\" srcset=\"https:\/\/www.yachtcharter.si\/de\/wp-content\/uploads\/2025\/02\/Bavaria_Cruiser_36_boot_charter_Izola_Slowenien-1024x768.jpg 1024w, https:\/\/www.yachtcharter.si\/de\/wp-content\/uploads\/2025\/02\/Bavaria_Cruiser_36_boot_charter_Izola_Slowenien-300x225.jpg 300w, https:\/\/www.yachtcharter.si\/de\/wp-content\/uploads\/2025\/02\/Bavaria_Cruiser_36_boot_charter_Izola_Slowenien-768x576.jpg 768w, https:\/\/www.yachtcharter.si\/de\/wp-content\/uploads\/2025\/02\/Bavaria_Cruiser_36_boot_charter_Izola_Slowenien.jpg 1280w\" sizes=\"auto, (max-width: 1024px) 100vw, 1024px\" \/><\/div><\/div><\/figure><\/div><\/div><\/li><\/ul><\/div><\/div><\/div><\/div>\n\n<style>.wp-block-kadence-spacer.kt-block-spacer-619_c2fbad-1e .kt-block-spacer{height:60px;}.wp-block-kadence-spacer.kt-block-spacer-619_c2fbad-1e .kt-divider{border-top-width:1px;height:1px;border-top-color:#eee;width:80%;border-top-style:solid;}<\/style>\n<div class=\"wp-block-kadence-spacer aligncenter kt-block-spacer-619_c2fbad-1e\"><div class=\"kt-block-spacer kt-block-spacer-halign-center\"><hr class=\"kt-divider\"\/><\/div><\/div>\n\n\n\n<p class=\"has-medium-font-size\">Die Segelboot Bavaria Cruiser 36 namens Eleven ist ein Segelboot mit 3-Kabinen und 8 Schlafpl\u00e4tzen in 3 Doppelkabinen sowie in einem Saloon.<\/p>\n\n\n\n<p class=\"has-medium-font-size\">Die Segelboot Bavaria Cruiser 36 Eleven steht zum Chartern und Segeln in der n\u00f6rdlichen Adria in Istrien und im Kvarner ab Marina Izola in Slowenien zur Verf\u00fcgung.<\/p>\n\n\n\n<p class=\"has-text-align-center has-virtue-primary-color has-text-color has-link-color has-medium-font-size wp-elements-1f8e16d0dd59d6f849c9e874b47857bb\"><strong>Ausstattung:<\/strong><\/p>\n\n\n\n<p class=\"has-medium-font-size\">Ausstattung des Segelbootes Bavaria Cruiser 36 Eleven:<\/p>\n\n\n\n<ul class=\"wp-block-list\">\n<li style=\"font-size:18px\">Rollgenua, Roll Gro\u00dfsegel, 1 Lenkrad,<\/li>\n\n\n\n<li style=\"font-size:18px\">Cockpittisch, Teakholz im Cockpit, Bimini , Sprayhood, Deckdusche,<\/li>\n\n\n\n<li style=\"font-size:18px\">Gel\u00e4ndernetz auf Anfrage und gegen Aufpreis,<\/li>\n\n\n\n<li style=\"font-size:18px\">Elektrische Ankerwinde,<\/li>\n\n\n\n<li style=\"font-size:18px\">Autopilot, GPS Plotter, GPS, UKW, Kompass, Navigationscharter, hafenf\u00fchrer, Windinstrument,<\/li>\n\n\n\n<li style=\"font-size:18px\">UKW Radio mit CD, <\/li>\n\n\n\n<li style=\"font-size:18px\">Kissen und Decken, Bettw\u00e4sche, Handt\u00fcschee (1 set pro Person),<\/li>\n\n\n\n<li style=\"font-size:18px\">Rettungsring oder Hufeisenboje, Schwimmwesten, Nebelhorn, Erste-Hilfe-Set, Feuerl\u00f6scher, Notsignale,<\/li>\n\n\n\n<li style=\"font-size:18px\">elektrische Bilgenpumpe,<\/li>\n\n\n\n<li style=\"font-size:18px\">Beiboot, Au\u00dfenbordmotor auf Anfrage und gegen Aufpreis,<\/li>\n\n\n\n<li style=\"font-size:18px\">Batterieladeger\u00e4t, Landstrom,<\/li>\n\n\n\n<li style=\"font-size:18px\">Warmwasser, K\u00fchlschrank, Innenheizung, <\/li>\n\n\n\n<li style=\"font-size:18px\">Gasflaschen, Herd mit Backofen, K\u00fcchenutensilien,<\/li>\n\n\n\n<li style=\"font-size:18px\">Buhstruhlruder.<\/li>\n<\/ul>\n\n\n\n<p class=\"has-text-align-center has-virtue-primary-color has-text-color has-link-color has-medium-font-size wp-elements-5fa988125c8d3818e2d3f9e22363ae58\"><strong>Technische Specifikation und Grundriss:<\/strong><\/p>\n\n\n\n<div class=\"wp-block-group\"><div class=\"wp-block-group__inner-container is-layout-constrained wp-block-group-is-layout-constrained\">\n<figure class=\"wp-block-table is-style-stripes\"><table><tbody><tr><td>L\u00e4nge: 11,90 m<br>Breite: 3,67 m<br>Tiefgang: 1,95 m<br>Motor: Volvo Penta 28 HP<br>Treibstoff: Diesel<br>Treibstofftank: 150 lit.<br>Frischwassertank: 350 lit<br>Hauptsegel: Roll<br>Genoa: Roll<br>Lenkrad: 1 Rad<br>Kabinen: 3<br>Schlafpl\u00e4tze: 6 + 2<br>Toiletten: 1<br>Baujahr: 2011<\/td><td><img loading=\"lazy\" decoding=\"async\" width=\"150\" height=\"225\" class=\"wp-image-971\" style=\"width: 150px;\" src=\"https:\/\/www.yachtcharter.si\/de\/wp-content\/uploads\/2025\/02\/Inneanausstattung_des_Bavaria_Cruiser_36_Eleven.jpg\" alt=\"Innenausstattung des Bavaria Cruiser 36 Eleven\" srcset=\"https:\/\/www.yachtcharter.si\/de\/wp-content\/uploads\/2025\/02\/Inneanausstattung_des_Bavaria_Cruiser_36_Eleven.jpg 400w, https:\/\/www.yachtcharter.si\/de\/wp-content\/uploads\/2025\/02\/Inneanausstattung_des_Bavaria_Cruiser_36_Eleven-200x300.jpg 200w\" sizes=\"auto, (max-width: 150px) 100vw, 150px\" \/><\/td><\/tr><\/tbody><\/table><\/figure>\n<\/div><\/div>\n\n\n<style>.wp-block-kadence-spacer.kt-block-spacer-619_44afc6-19 .kt-block-spacer{height:60px;}.wp-block-kadence-spacer.kt-block-spacer-619_44afc6-19 .kt-divider{border-top-width:1px;height:1px;border-top-color:#eee;width:80%;border-top-style:solid;}<\/style>\n<div class=\"wp-block-kadence-spacer aligncenter kt-block-spacer-619_44afc6-19\"><div class=\"kt-block-spacer kt-block-spacer-halign-center\"><hr class=\"kt-divider\"\/><\/div><\/div>\n\n\n\n<p class=\"has-text-align-center has-virtue-primary-color has-text-color has-link-color has-medium-font-size wp-elements-a016b484b75ea9d3a33839dc473a926b\"><strong>Check-in \/ Check-out:<\/strong><\/p>\n\n\n\n<p class=\"has-medium-font-size\">Check-in und Check-out in Marina Izola in Slowenien.<\/p>\n\n\n\n<ul class=\"wp-block-list\">\n<li style=\"font-size:18px\">Check-in am Samstag nach 17.00 Uhr<\/li>\n\n\n\n<li style=\"font-size:18px\">Check-out am Samstag vor 9.00 Uhr<\/li>\n<\/ul>\n\n\n\n<p class=\"has-text-align-center has-virtue-primary-color has-text-color has-link-color has-medium-font-size wp-elements-f3904711bee8cd46e0cd5641d55631ca\"><strong>Flughafentransfers:<\/strong><\/p>\n\n\n\n<p class=\"has-medium-font-size\">Flughafentransfers sind auf Anfrage vom Flughafen Ljubljana, vom Flughafen Venedig, vom Flughafen Triest, vom Flughafen Rijeka und vom Flughafen Pula verf\u00fcgbar.<\/p>\n\n\n\n<p class=\"has-text-align-center has-virtue-primary-color has-text-color has-link-color has-medium-font-size wp-elements-ada6b5790dd3a50e5285b2e538d1661f\"><strong>Preise und Verf\u00fcgbarkeit:<\/strong><\/p>\n\n\n\n<p class=\"has-medium-font-size\">Verf\u00fcgbarkeit und tats\u00e4chliche Preise werden zum Zeitpunkt der Buchung bereicht und sind bei Yachtsuche verf\u00fcgbar.<\/p>\n\n\n\n<p class=\"has-text-align-center has-virtue-primary-color has-text-color has-link-color has-medium-font-size wp-elements-2ba2cfe74816763255ee8d8d94b52824\"><strong>Rabatte:<\/strong><\/p>\n\n\n\n<p class=\"has-medium-font-size\">Die tats\u00e4chlichen Rabatte verden zum Zeitpunkt der Bichung berechnet.<\/p>\n\n\n<style>.wp-block-kadence-spacer.kt-block-spacer-619_a31480-70 .kt-block-spacer{height:60px;}.wp-block-kadence-spacer.kt-block-spacer-619_a31480-70 .kt-divider{border-top-width:1px;height:1px;border-top-color:#eee;width:80%;border-top-style:solid;}<\/style>\n<div class=\"wp-block-kadence-spacer aligncenter kt-block-spacer-619_a31480-70\"><div class=\"kt-block-spacer kt-block-spacer-halign-center\"><hr class=\"kt-divider\"\/><\/div><\/div>\n","protected":false},"excerpt":{"rendered":"<p>Die Segelboot Bavaria Cruiser 36 namens Eleven ist ein Segelboot mit 3-Kabinen und 8 Schlafpl\u00e4tzen in 3 Doppelkabinen sowie in einem Saloon. Die Segelboot Bavaria Cruiser 36 Eleven steht zum Chartern und Segeln in der n\u00f6rdlichen Adria in Istrien und &hellip; <a href=\"https:\/\/www.yachtcharter.si\/de\/bavaria-cruiser-36-eleven\/\">Weiter<\/a><\/p>\n","protected":false},"author":1,"featured_media":701,"parent":0,"menu_order":0,"comment_status":"closed","ping_status":"closed","template":"","meta":{"kt_blocks_editor_width":"","_monsterinsights_skip_tracking":false,"_monsterinsights_sitenote_active":false,"_monsterinsights_sitenote_note":"","_monsterinsights_sitenote_category":0,"footnotes":""},"class_list":["post-619","page","type-page","status-publish","has-post-thumbnail","hentry"],"yoast_head":"<!-- This site is optimized with the Yoast SEO plugin v26.9 - https:\/\/yoast.com\/product\/yoast-seo-wordpress\/ -->\n<title>Bavaria Cruiser 36 Eleven zum Chartern ab Izola in Slowenien<\/title>\n<meta name=\"description\" content=\"Segelboot Bavaria Cruiser 36 Eleven zum Chartern ab Izola in Slowenien und zum Segeln auf der Adria. Bavaria Cruiser 36 zum Chartern\" \/>\n<meta name=\"robots\" content=\"index, follow, max-snippet:-1, max-image-preview:large, max-video-preview:-1\" \/>\n<link rel=\"canonical\" href=\"https:\/\/www.yachtcharter.si\/de\/bavaria-cruiser-36-eleven\/\" \/>\n<script type=\"application\/ld+json\" class=\"yoast-schema-graph\">{\"@context\":\"https:\/\/schema.org\",\"@graph\":[{\"@type\":\"WebPage\",\"@id\":\"https:\/\/www.yachtcharter.si\/de\/bavaria-cruiser-36-eleven\/\",\"url\":\"https:\/\/www.yachtcharter.si\/de\/bavaria-cruiser-36-eleven\/\",\"name\":\"Bavaria Cruiser 36 Eleven zum Chartern ab Izola in Slowenien\",\"isPartOf\":{\"@id\":\"https:\/\/www.yachtcharter.si\/de\/#website\"},\"primaryImageOfPage\":{\"@id\":\"https:\/\/www.yachtcharter.si\/de\/bavaria-cruiser-36-eleven\/#primaryimage\"},\"image\":{\"@id\":\"https:\/\/www.yachtcharter.si\/de\/bavaria-cruiser-36-eleven\/#primaryimage\"},\"thumbnailUrl\":\"https:\/\/www.yachtcharter.si\/de\/wp-content\/uploads\/2025\/02\/Bavaria_Cruiser_36_Eleven_boot_charter_Izola_Slowenien.jpg\",\"datePublished\":\"2025-02-02T18:34:30+00:00\",\"dateModified\":\"2025-06-04T10:05:24+00:00\",\"description\":\"Segelboot Bavaria Cruiser 36 Eleven zum Chartern ab Izola in Slowenien und zum Segeln auf der Adria. Bavaria Cruiser 36 zum Chartern\",\"breadcrumb\":{\"@id\":\"https:\/\/www.yachtcharter.si\/de\/bavaria-cruiser-36-eleven\/#breadcrumb\"},\"inLanguage\":\"de\",\"potentialAction\":[{\"@type\":\"ReadAction\",\"target\":[\"https:\/\/www.yachtcharter.si\/de\/bavaria-cruiser-36-eleven\/\"]}]},{\"@type\":\"ImageObject\",\"inLanguage\":\"de\",\"@id\":\"https:\/\/www.yachtcharter.si\/de\/bavaria-cruiser-36-eleven\/#primaryimage\",\"url\":\"https:\/\/www.yachtcharter.si\/de\/wp-content\/uploads\/2025\/02\/Bavaria_Cruiser_36_Eleven_boot_charter_Izola_Slowenien.jpg\",\"contentUrl\":\"https:\/\/www.yachtcharter.si\/de\/wp-content\/uploads\/2025\/02\/Bavaria_Cruiser_36_Eleven_boot_charter_Izola_Slowenien.jpg\",\"width\":1280,\"height\":960,\"caption\":\"Bavaria Cruiser 36 Eleven zum Chartern ab Izola in Slowenien\"},{\"@type\":\"BreadcrumbList\",\"@id\":\"https:\/\/www.yachtcharter.si\/de\/bavaria-cruiser-36-eleven\/#breadcrumb\",\"itemListElement\":[{\"@type\":\"ListItem\",\"position\":1,\"name\":\"Startseite\",\"item\":\"https:\/\/www.yachtcharter.si\/de\/\"},{\"@type\":\"ListItem\",\"position\":2,\"name\":\"Bavaria Cruiser 36 Eleven\"}]},{\"@type\":\"WebSite\",\"@id\":\"https:\/\/www.yachtcharter.si\/de\/#website\",\"url\":\"https:\/\/www.yachtcharter.si\/de\/\",\"name\":\"Yachtcharter.si\",\"description\":\"Yachtcharter in Slowenien und Segeln an der Adria\",\"potentialAction\":[{\"@type\":\"SearchAction\",\"target\":{\"@type\":\"EntryPoint\",\"urlTemplate\":\"https:\/\/www.yachtcharter.si\/de\/?s={search_term_string}\"},\"query-input\":{\"@type\":\"PropertyValueSpecification\",\"valueRequired\":true,\"valueName\":\"search_term_string\"}}],\"inLanguage\":\"de\"}]}<\/script>\n<!-- \/ Yoast SEO plugin. -->","yoast_head_json":{"title":"Bavaria Cruiser 36 Eleven zum Chartern ab Izola in Slowenien","description":"Segelboot Bavaria Cruiser 36 Eleven zum Chartern ab Izola in Slowenien und zum Segeln auf der Adria. Bavaria Cruiser 36 zum Chartern","robots":{"index":"index","follow":"follow","max-snippet":"max-snippet:-1","max-image-preview":"max-image-preview:large","max-video-preview":"max-video-preview:-1"},"canonical":"https:\/\/www.yachtcharter.si\/de\/bavaria-cruiser-36-eleven\/","schema":{"@context":"https:\/\/schema.org","@graph":[{"@type":"WebPage","@id":"https:\/\/www.yachtcharter.si\/de\/bavaria-cruiser-36-eleven\/","url":"https:\/\/www.yachtcharter.si\/de\/bavaria-cruiser-36-eleven\/","name":"Bavaria Cruiser 36 Eleven zum Chartern ab Izola in Slowenien","isPartOf":{"@id":"https:\/\/www.yachtcharter.si\/de\/#website"},"primaryImageOfPage":{"@id":"https:\/\/www.yachtcharter.si\/de\/bavaria-cruiser-36-eleven\/#primaryimage"},"image":{"@id":"https:\/\/www.yachtcharter.si\/de\/bavaria-cruiser-36-eleven\/#primaryimage"},"thumbnailUrl":"https:\/\/www.yachtcharter.si\/de\/wp-content\/uploads\/2025\/02\/Bavaria_Cruiser_36_Eleven_boot_charter_Izola_Slowenien.jpg","datePublished":"2025-02-02T18:34:30+00:00","dateModified":"2025-06-04T10:05:24+00:00","description":"Segelboot Bavaria Cruiser 36 Eleven zum Chartern ab Izola in Slowenien und zum Segeln auf der Adria. Bavaria Cruiser 36 zum Chartern","breadcrumb":{"@id":"https:\/\/www.yachtcharter.si\/de\/bavaria-cruiser-36-eleven\/#breadcrumb"},"inLanguage":"de","potentialAction":[{"@type":"ReadAction","target":["https:\/\/www.yachtcharter.si\/de\/bavaria-cruiser-36-eleven\/"]}]},{"@type":"ImageObject","inLanguage":"de","@id":"https:\/\/www.yachtcharter.si\/de\/bavaria-cruiser-36-eleven\/#primaryimage","url":"https:\/\/www.yachtcharter.si\/de\/wp-content\/uploads\/2025\/02\/Bavaria_Cruiser_36_Eleven_boot_charter_Izola_Slowenien.jpg","contentUrl":"https:\/\/www.yachtcharter.si\/de\/wp-content\/uploads\/2025\/02\/Bavaria_Cruiser_36_Eleven_boot_charter_Izola_Slowenien.jpg","width":1280,"height":960,"caption":"Bavaria Cruiser 36 Eleven zum Chartern ab Izola in Slowenien"},{"@type":"BreadcrumbList","@id":"https:\/\/www.yachtcharter.si\/de\/bavaria-cruiser-36-eleven\/#breadcrumb","itemListElement":[{"@type":"ListItem","position":1,"name":"Startseite","item":"https:\/\/www.yachtcharter.si\/de\/"},{"@type":"ListItem","position":2,"name":"Bavaria Cruiser 36 Eleven"}]},{"@type":"WebSite","@id":"https:\/\/www.yachtcharter.si\/de\/#website","url":"https:\/\/www.yachtcharter.si\/de\/","name":"Yachtcharter.si","description":"Yachtcharter in Slowenien und Segeln an der Adria","potentialAction":[{"@type":"SearchAction","target":{"@type":"EntryPoint","urlTemplate":"https:\/\/www.yachtcharter.si\/de\/?s={search_term_string}"},"query-input":{"@type":"PropertyValueSpecification","valueRequired":true,"valueName":"search_term_string"}}],"inLanguage":"de"}]}},"_links":{"self":[{"href":"https:\/\/www.yachtcharter.si\/de\/wp-json\/wp\/v2\/pages\/619","targetHints":{"allow":["GET"]}}],"collection":[{"href":"https:\/\/www.yachtcharter.si\/de\/wp-json\/wp\/v2\/pages"}],"about":[{"href":"https:\/\/www.yachtcharter.si\/de\/wp-json\/wp\/v2\/types\/page"}],"author":[{"embeddable":true,"href":"https:\/\/www.yachtcharter.si\/de\/wp-json\/wp\/v2\/users\/1"}],"replies":[{"embeddable":true,"href":"https:\/\/www.yachtcharter.si\/de\/wp-json\/wp\/v2\/comments?post=619"}],"version-history":[{"count":9,"href":"https:\/\/www.yachtcharter.si\/de\/wp-json\/wp\/v2\/pages\/619\/revisions"}],"predecessor-version":[{"id":1005,"href":"https:\/\/www.yachtcharter.si\/de\/wp-json\/wp\/v2\/pages\/619\/revisions\/1005"}],"wp:featuredmedia":[{"embeddable":true,"href":"https:\/\/www.yachtcharter.si\/de\/wp-json\/wp\/v2\/media\/701"}],"wp:attachment":[{"href":"https:\/\/www.yachtcharter.si\/de\/wp-json\/wp\/v2\/media?parent=619"}],"curies":[{"name":"wp","href":"https:\/\/api.w.org\/{rel}","templated":true}]}}