{"id":95,"date":"2024-08-31T22:43:31","date_gmt":"2024-08-31T20:43:31","guid":{"rendered":"https:\/\/www.yachtcharter.si\/de\/?page_id=95"},"modified":"2025-06-04T12:02:55","modified_gmt":"2025-06-04T11:02:55","slug":"charterbase","status":"publish","type":"page","link":"https:\/\/www.yachtcharter.si\/de\/charterbase\/","title":{"rendered":"Charterbasen"},"content":{"rendered":"<style>.kb-gallery-id-95_cd840a-f4 .kadence-blocks-gallery-item .kb-gal-image-radius, .kb-gallery-id-95_cd840a-f4 .kb-slide-item .kb-gal-image-radius img{border-radius:0px 0px 0px 0px;;}.kb-gallery-wrap-id-95_cd840a-f4.wp-block-kadence-advancedgallery{overflow:visible;}.kb-gallery-wrap-id-95_cd840a-f4.wp-block-kadence-advancedgallery .kt-blocks-carousel{overflow:visible;}<\/style><div class=\"kb-gallery-wrap-id-95_cd840a-f4 alignnone wp-block-kadence-advancedgallery\"><div class=\"kb-gallery-ul kb-gallery-non-static kb-gallery-type-slider kb-gallery-id-95_cd840a-f4 kb-gallery-caption-style-bottom-hover kb-gallery-filter-none\" data-image-filter=\"none\" data-lightbox-caption=\"true\"><div class=\"kt-blocks-carousel splide kt-carousel-container-dotstyle-dark kt-carousel-arrowstyle-whiteondark kt-carousel-dotstyle-dark kb-slider-group-arrow kb-slider-arrow-position-center\" data-slider-anim-speed=\"400\" data-slider-scroll=\"1\" data-slider-arrows=\"true\" data-slider-fade=\"true\" data-slider-dots=\"true\" data-slider-type=\"slider\" data-slider-hover-pause=\"false\" data-slider-auto=\"1\" data-slider-speed=\"7000\" data-show-pause-button=\"false\"><div class=\"splide__track\"><ul class=\"kt-blocks-carousel-init kb-blocks-slider splide__list\"><li class=\"kb-slide-item kb-gallery-slide-item splide__slide\"><div class=\"kadence-blocks-gallery-item\"><div class=\"kadence-blocks-gallery-item-inner\"><figure class=\"kb-gallery-figure kadence-blocks-gallery-item-hide-caption\"><div class=\"kb-gal-image-radius\"><div class=\"kb-gallery-image-contain kadence-blocks-gallery-intrinsic kb-gallery-image-ratio-land32 kb-has-image-ratio-land32\" ><img loading=\"lazy\" decoding=\"async\" src=\"https:\/\/www.yachtcharter.si\/de\/wp-content\/uploads\/2024\/09\/Izola_Slowenien-1024x768.jpg\" width=\"1024\" height=\"768\" alt=\"\" data-full-image=\"https:\/\/www.yachtcharter.si\/de\/wp-content\/uploads\/2024\/09\/Izola_Slowenien.jpg\" data-light-image=\"https:\/\/www.yachtcharter.si\/de\/wp-content\/uploads\/2024\/09\/Izola_Slowenien.jpg\" data-id=\"150\" class=\"wp-image-150 skip-lazy\" srcset=\"https:\/\/www.yachtcharter.si\/de\/wp-content\/uploads\/2024\/09\/Izola_Slowenien-1024x768.jpg 1024w, https:\/\/www.yachtcharter.si\/de\/wp-content\/uploads\/2024\/09\/Izola_Slowenien-300x225.jpg 300w, https:\/\/www.yachtcharter.si\/de\/wp-content\/uploads\/2024\/09\/Izola_Slowenien-768x576.jpg 768w, https:\/\/www.yachtcharter.si\/de\/wp-content\/uploads\/2024\/09\/Izola_Slowenien.jpg 1118w\" sizes=\"auto, (max-width: 1024px) 100vw, 1024px\" \/><\/div><\/div><\/figure><\/div><\/div><\/li><li class=\"kb-slide-item kb-gallery-slide-item splide__slide\"><div class=\"kadence-blocks-gallery-item\"><div class=\"kadence-blocks-gallery-item-inner\"><figure class=\"kb-gallery-figure kadence-blocks-gallery-item-hide-caption\"><div class=\"kb-gal-image-radius\"><div class=\"kb-gallery-image-contain kadence-blocks-gallery-intrinsic kb-gallery-image-ratio-land32 kb-has-image-ratio-land32\" ><img loading=\"lazy\" decoding=\"async\" src=\"https:\/\/www.yachtcharter.si\/de\/wp-content\/uploads\/2024\/07\/Yachctcharter_Izola_Slowenien-1024x768.jpg\" width=\"1024\" height=\"768\" alt=\"Yachtcharter.si - Yachtcharter in Izola in Slowenien und Segeln an der Adria\" data-full-image=\"https:\/\/www.yachtcharter.si\/de\/wp-content\/uploads\/2024\/07\/Yachctcharter_Izola_Slowenien.jpg\" data-light-image=\"https:\/\/www.yachtcharter.si\/de\/wp-content\/uploads\/2024\/07\/Yachctcharter_Izola_Slowenien.jpg\" data-id=\"25\" class=\"wp-image-25 skip-lazy\" srcset=\"https:\/\/www.yachtcharter.si\/de\/wp-content\/uploads\/2024\/07\/Yachctcharter_Izola_Slowenien-1024x768.jpg 1024w, https:\/\/www.yachtcharter.si\/de\/wp-content\/uploads\/2024\/07\/Yachctcharter_Izola_Slowenien-300x225.jpg 300w, https:\/\/www.yachtcharter.si\/de\/wp-content\/uploads\/2024\/07\/Yachctcharter_Izola_Slowenien-768x576.jpg 768w, https:\/\/www.yachtcharter.si\/de\/wp-content\/uploads\/2024\/07\/Yachctcharter_Izola_Slowenien-1536x1152.jpg 1536w, https:\/\/www.yachtcharter.si\/de\/wp-content\/uploads\/2024\/07\/Yachctcharter_Izola_Slowenien-2048x1536.jpg 2048w, https:\/\/www.yachtcharter.si\/de\/wp-content\/uploads\/2024\/07\/Yachctcharter_Izola_Slowenien-1200x900-cropped.jpg 1200w\" sizes=\"auto, (max-width: 1024px) 100vw, 1024px\" \/><\/div><\/div><\/figure><\/div><\/div><\/li><li class=\"kb-slide-item kb-gallery-slide-item splide__slide\"><div class=\"kadence-blocks-gallery-item\"><div class=\"kadence-blocks-gallery-item-inner\"><figure class=\"kb-gallery-figure kadence-blocks-gallery-item-hide-caption\"><div class=\"kb-gal-image-radius\"><div class=\"kb-gallery-image-contain kadence-blocks-gallery-intrinsic kb-gallery-image-ratio-land32 kb-has-image-ratio-land32\" ><img loading=\"lazy\" decoding=\"async\" src=\"https:\/\/www.yachtcharter.si\/de\/wp-content\/uploads\/2024\/07\/Yachtcharter.si_segelboote_charter_Izola_Slowenien-1024x768.jpg\" width=\"1024\" height=\"768\" alt=\"Yachtcharter.si Segelurlaub an der Adria und Segelboote charter in Izola in Slowenien\" data-full-image=\"https:\/\/www.yachtcharter.si\/de\/wp-content\/uploads\/2024\/07\/Yachtcharter.si_segelboote_charter_Izola_Slowenien.jpg\" data-light-image=\"https:\/\/www.yachtcharter.si\/de\/wp-content\/uploads\/2024\/07\/Yachtcharter.si_segelboote_charter_Izola_Slowenien.jpg\" data-id=\"33\" class=\"wp-image-33 skip-lazy\" srcset=\"https:\/\/www.yachtcharter.si\/de\/wp-content\/uploads\/2024\/07\/Yachtcharter.si_segelboote_charter_Izola_Slowenien-1024x768.jpg 1024w, https:\/\/www.yachtcharter.si\/de\/wp-content\/uploads\/2024\/07\/Yachtcharter.si_segelboote_charter_Izola_Slowenien-300x225.jpg 300w, https:\/\/www.yachtcharter.si\/de\/wp-content\/uploads\/2024\/07\/Yachtcharter.si_segelboote_charter_Izola_Slowenien-768x576.jpg 768w, https:\/\/www.yachtcharter.si\/de\/wp-content\/uploads\/2024\/07\/Yachtcharter.si_segelboote_charter_Izola_Slowenien.jpg 1118w\" sizes=\"auto, (max-width: 1024px) 100vw, 1024px\" \/><\/div><\/div><\/figure><\/div><\/div><\/li><li class=\"kb-slide-item kb-gallery-slide-item splide__slide\"><div class=\"kadence-blocks-gallery-item\"><div class=\"kadence-blocks-gallery-item-inner\"><figure class=\"kb-gallery-figure kadence-blocks-gallery-item-hide-caption\"><div class=\"kb-gal-image-radius\"><div class=\"kb-gallery-image-contain kadence-blocks-gallery-intrinsic kb-gallery-image-ratio-land32 kb-has-image-ratio-land32\" ><img loading=\"lazy\" decoding=\"async\" src=\"https:\/\/www.yachtcharter.si\/de\/wp-content\/uploads\/2024\/07\/Segelboot_charter_in_Izola_Slowenien-1024x768.jpg\" width=\"1024\" height=\"768\" alt=\"Segelboot charter in Izola in Slowenien\" data-full-image=\"https:\/\/www.yachtcharter.si\/de\/wp-content\/uploads\/2024\/07\/Segelboot_charter_in_Izola_Slowenien.jpg\" data-light-image=\"https:\/\/www.yachtcharter.si\/de\/wp-content\/uploads\/2024\/07\/Segelboot_charter_in_Izola_Slowenien.jpg\" data-id=\"32\" class=\"wp-image-32 skip-lazy\" srcset=\"https:\/\/www.yachtcharter.si\/de\/wp-content\/uploads\/2024\/07\/Segelboot_charter_in_Izola_Slowenien-1024x768.jpg 1024w, https:\/\/www.yachtcharter.si\/de\/wp-content\/uploads\/2024\/07\/Segelboot_charter_in_Izola_Slowenien-300x225.jpg 300w, https:\/\/www.yachtcharter.si\/de\/wp-content\/uploads\/2024\/07\/Segelboot_charter_in_Izola_Slowenien-768x576.jpg 768w, https:\/\/www.yachtcharter.si\/de\/wp-content\/uploads\/2024\/07\/Segelboot_charter_in_Izola_Slowenien.jpg 1118w\" sizes=\"auto, (max-width: 1024px) 100vw, 1024px\" \/><\/div><\/div><\/figure><\/div><\/div><\/li><\/ul><\/div><\/div><\/div><\/div>\n\n<style>.wp-block-kadence-spacer.kt-block-spacer-95_a0f2ac-c7 .kt-block-spacer{height:60px;}.wp-block-kadence-spacer.kt-block-spacer-95_a0f2ac-c7 .kt-divider{border-top-width:1px;height:1px;border-top-color:#eee;width:80%;border-top-style:solid;}<\/style>\n<div class=\"wp-block-kadence-spacer aligncenter kt-block-spacer-95_a0f2ac-c7\"><div class=\"kt-block-spacer kt-block-spacer-halign-center\"><hr class=\"kt-divider\"\/><\/div><\/div>\n\n\n\n<iframe class=\"wbm\" id=\"wbmResult\" src=\" https:\/\/www.booking-manager.com\/wbm2\/page.html?companyid=7381&#038;setlang=de&#038;view=SmallSearchForm&#038;target=_top&#038;controllerPage=https:\/\/www.yachtcharter.si\/de\/suchergebnisse\/\" width=\"100%\" frameborder=\"0\" scrolling=\"no\" allowTransparency=\"true\"><\/iframe>\n\n<script src=\" https:\/\/www.booking-manager.com\/down\/wbm-alter.js\"><\/script>\n\n\n<style>.wp-block-kadence-spacer.kt-block-spacer-95_d819e2-9b .kt-block-spacer{height:60px;}.wp-block-kadence-spacer.kt-block-spacer-95_d819e2-9b .kt-divider{border-top-width:1px;height:1px;border-top-color:#eee;width:80%;border-top-style:solid;}<\/style>\n<div class=\"wp-block-kadence-spacer aligncenter kt-block-spacer-95_d819e2-9b\"><div class=\"kt-block-spacer kt-block-spacer-halign-center\"><hr class=\"kt-divider\"\/><\/div><\/div>\n\n\n\n<p class=\"has-medium-font-size\">Charterbasen zum Segelboote Charter in Slowenien sind ein idealer Ausgangenspunkt f\u00fcr den Besuch der alten istrische St\u00e4dte in Slowenien und Kroatien, oder vielleicht um einen kafee in Triest tu genie\u00dfen und vielleicht nach Lignano Sabbiadoro oder Venedig in Italien zu segeln.<\/p>\n\n\n\n<p class=\"has-medium-font-size\">Besuchen Sie antike St\u00e4dte, deren Geschichte bis in die vorr\u00f6mische Zeit zur\u00fcckreicht. Entspannen Sie sich in kleinen istrischen D\u00f6rfern und probieren Sie lokale K\u00f6stlichkeiten in Slowenien und Kroatien.<\/p>\n\n\n\n<p class=\"has-medium-font-size\">Sie segeln an einsamen Buchten vorbei, um sich in Ruhe zu entspannen und im kristallklaren Wasser der Adria entlang der K\u00fcsten Istriens und Kvarners sowie m\u00f6glicherweise auch in den Kornaten und Dalmatien zu schwimmen.<\/p>\n\n\n<style>.wp-block-kadence-advancedgallery .kb-gallery-type-grid.kb-gallery-id-95_44c281-c7{margin:-5px;}.kb-gallery-type-grid.kb-gallery-id-95_44c281-c7 .kadence-blocks-gallery-item{padding:5px;}.kb-gallery-id-95_44c281-c7 .kadence-blocks-gallery-item .kb-gal-image-radius, .kb-gallery-id-95_44c281-c7 .kb-slide-item .kb-gal-image-radius img{border-radius:0px 0px 0px 0px;;}.kb-gallery-caption-style-bottom.kb-gallery-id-95_44c281-c7 .kadence-blocks-gallery-item .kadence-blocks-gallery-item-inner .kadence-blocks-gallery-item__caption, .kb-gallery-caption-style-bottom-hover.kb-gallery-id-95_44c281-c7 .kadence-blocks-gallery-item .kadence-blocks-gallery-item-inner .kadence-blocks-gallery-item__caption{background:linear-gradient(0deg, rgba(0, 0, 0, 0.5) 0, rgba(0, 0, 0, 0) 100%);}<\/style><div class=\"kb-gallery-wrap-id-95_44c281-c7 alignnone wp-block-kadence-advancedgallery\"><ul class=\"kb-gallery-ul kb-gallery-non-static kb-gallery-type-grid kb-gallery-id-95_44c281-c7 kb-gallery-caption-style-bottom-hover kb-gallery-filter-none\" data-image-filter=\"none\" data-item-selector=\".kadence-blocks-gallery-item\" data-lightbox-caption=\"true\" data-columns-xxl=\"2\" data-columns-xl=\"2\" data-columns-md=\"2\" data-columns-sm=\"2\" data-columns-xs=\"1\" data-columns-ss=\"1\"><li class=\"kadence-blocks-gallery-item\"><div class=\"kadence-blocks-gallery-item-inner\"><figure class=\"kb-gallery-figure kb-gallery-item-has-link kadence-blocks-gallery-item-has-caption\"><a href=\"https:\/\/www.yachtcharter.si\/de\/marina-izola\/\" class=\"kb-gallery-item-link\"  ><div class=\"kb-gal-image-radius\"><div class=\"kb-gallery-image-contain kadence-blocks-gallery-intrinsic kb-gallery-image-ratio-land32 kb-has-image-ratio-land32\" ><img loading=\"lazy\" decoding=\"async\" src=\"https:\/\/www.yachtcharter.si\/de\/wp-content\/uploads\/2024\/09\/Izola_Slowenien-1024x768.jpg\" width=\"1024\" height=\"768\" alt=\"\" data-full-image=\"https:\/\/www.yachtcharter.si\/de\/wp-content\/uploads\/2024\/09\/Izola_Slowenien.jpg\" data-light-image=\"https:\/\/www.yachtcharter.si\/de\/wp-content\/uploads\/2024\/09\/Izola_Slowenien.jpg\" data-id=\"150\" class=\"wp-image-150\" srcset=\"https:\/\/www.yachtcharter.si\/de\/wp-content\/uploads\/2024\/09\/Izola_Slowenien-1024x768.jpg 1024w, https:\/\/www.yachtcharter.si\/de\/wp-content\/uploads\/2024\/09\/Izola_Slowenien-300x225.jpg 300w, https:\/\/www.yachtcharter.si\/de\/wp-content\/uploads\/2024\/09\/Izola_Slowenien-768x576.jpg 768w, https:\/\/www.yachtcharter.si\/de\/wp-content\/uploads\/2024\/09\/Izola_Slowenien.jpg 1118w\" sizes=\"auto, (max-width: 1024px) 100vw, 1024px\" \/><\/div><div class=\"kadence-blocks-gallery-item__caption\">Marina Izola in Slowenien<\/div><\/div><\/a><\/figure><\/div><\/li><\/ul><\/div>\n\n<style>.wp-block-kadence-spacer.kt-block-spacer-95_2cda61-f2 .kt-block-spacer{height:60px;}.wp-block-kadence-spacer.kt-block-spacer-95_2cda61-f2 .kt-divider{border-top-width:1px;height:1px;border-top-color:#eee;width:80%;border-top-style:solid;}<\/style>\n<div class=\"wp-block-kadence-spacer aligncenter kt-block-spacer-95_2cda61-f2\"><div class=\"kt-block-spacer kt-block-spacer-halign-center\"><hr class=\"kt-divider\"\/><\/div><\/div>\n","protected":false},"excerpt":{"rendered":"<p>Charterbasen zum Segelboote Charter in Slowenien sind ein idealer Ausgangenspunkt f\u00fcr den Besuch der alten istrische St\u00e4dte in Slowenien und Kroatien, oder vielleicht um einen kafee in Triest tu genie\u00dfen und vielleicht nach Lignano Sabbiadoro oder Venedig in Italien zu &hellip; <a href=\"https:\/\/www.yachtcharter.si\/de\/charterbase\/\">Weiter<\/a><\/p>\n","protected":false},"author":1,"featured_media":0,"parent":0,"menu_order":0,"comment_status":"closed","ping_status":"closed","template":"","meta":{"kt_blocks_editor_width":"","_monsterinsights_skip_tracking":false,"_monsterinsights_sitenote_active":false,"_monsterinsights_sitenote_note":"","_monsterinsights_sitenote_category":0,"footnotes":""},"class_list":["post-95","page","type-page","status-publish","hentry"],"yoast_head":"<!-- This site is optimized with the Yoast SEO plugin v26.9 - https:\/\/yoast.com\/product\/yoast-seo-wordpress\/ -->\n<title>Charterbasen zum Segelboote Charter in Slowenien<\/title>\n<meta name=\"description\" content=\"Charterbasen zum Segelboote Charter in Slowenien, Segelboote Charter in Slowenien, Charerbasen segelurlaub an der Adria\" \/>\n<meta name=\"robots\" content=\"index, follow, max-snippet:-1, max-image-preview:large, max-video-preview:-1\" \/>\n<link rel=\"canonical\" href=\"https:\/\/www.yachtcharter.si\/de\/charterbase\/\" \/>\n<script type=\"application\/ld+json\" class=\"yoast-schema-graph\">{\"@context\":\"https:\/\/schema.org\",\"@graph\":[{\"@type\":\"Article\",\"@id\":\"https:\/\/www.yachtcharter.si\/de\/charterbase\/#article\",\"isPartOf\":{\"@id\":\"https:\/\/www.yachtcharter.si\/de\/charterbase\/\"},\"author\":{\"name\":\"admin\",\"@id\":\"https:\/\/www.yachtcharter.si\/de\/#\/schema\/person\/bfb92f2bd0d4c568ef32ff4d113dcae6\"},\"headline\":\"Charterbasen\",\"datePublished\":\"2024-08-31T20:43:31+00:00\",\"dateModified\":\"2025-06-04T11:02:55+00:00\",\"mainEntityOfPage\":{\"@id\":\"https:\/\/www.yachtcharter.si\/de\/charterbase\/\"},\"wordCount\":114,\"inLanguage\":\"de\"},{\"@type\":\"WebPage\",\"@id\":\"https:\/\/www.yachtcharter.si\/de\/charterbase\/\",\"url\":\"https:\/\/www.yachtcharter.si\/de\/charterbase\/\",\"name\":\"Charterbasen zum Segelboote Charter in Slowenien\",\"isPartOf\":{\"@id\":\"https:\/\/www.yachtcharter.si\/de\/#website\"},\"datePublished\":\"2024-08-31T20:43:31+00:00\",\"dateModified\":\"2025-06-04T11:02:55+00:00\",\"description\":\"Charterbasen zum Segelboote Charter in Slowenien, Segelboote Charter in Slowenien, Charerbasen segelurlaub an der Adria\",\"breadcrumb\":{\"@id\":\"https:\/\/www.yachtcharter.si\/de\/charterbase\/#breadcrumb\"},\"inLanguage\":\"de\",\"potentialAction\":[{\"@type\":\"ReadAction\",\"target\":[\"https:\/\/www.yachtcharter.si\/de\/charterbase\/\"]}]},{\"@type\":\"BreadcrumbList\",\"@id\":\"https:\/\/www.yachtcharter.si\/de\/charterbase\/#breadcrumb\",\"itemListElement\":[{\"@type\":\"ListItem\",\"position\":1,\"name\":\"Startseite\",\"item\":\"https:\/\/www.yachtcharter.si\/de\/\"},{\"@type\":\"ListItem\",\"position\":2,\"name\":\"Charterbasen zum Segelboote Charter in Slowenien\"}]},{\"@type\":\"WebSite\",\"@id\":\"https:\/\/www.yachtcharter.si\/de\/#website\",\"url\":\"https:\/\/www.yachtcharter.si\/de\/\",\"name\":\"Yachtcharter.si\",\"description\":\"Yachtcharter in Slowenien und Segeln an der Adria\",\"potentialAction\":[{\"@type\":\"SearchAction\",\"target\":{\"@type\":\"EntryPoint\",\"urlTemplate\":\"https:\/\/www.yachtcharter.si\/de\/?s={search_term_string}\"},\"query-input\":{\"@type\":\"PropertyValueSpecification\",\"valueRequired\":true,\"valueName\":\"search_term_string\"}}],\"inLanguage\":\"de\"},{\"@type\":\"Person\",\"@id\":\"https:\/\/www.yachtcharter.si\/de\/#\/schema\/person\/bfb92f2bd0d4c568ef32ff4d113dcae6\",\"name\":\"admin\",\"image\":{\"@type\":\"ImageObject\",\"inLanguage\":\"de\",\"@id\":\"https:\/\/www.yachtcharter.si\/de\/#\/schema\/person\/image\/\",\"url\":\"https:\/\/secure.gravatar.com\/avatar\/379801144a56f4b0963722e396259aa1a2471d9e0ef229a8ac7f7d1a25d93507?s=96&d=mm&r=g\",\"contentUrl\":\"https:\/\/secure.gravatar.com\/avatar\/379801144a56f4b0963722e396259aa1a2471d9e0ef229a8ac7f7d1a25d93507?s=96&d=mm&r=g\",\"caption\":\"admin\"},\"sameAs\":[\"https:\/\/www.yachtcharter.si\/de\"],\"url\":\"https:\/\/www.yachtcharter.si\/de\/author\/admin\/\"}]}<\/script>\n<!-- \/ Yoast SEO plugin. -->","yoast_head_json":{"title":"Charterbasen zum Segelboote Charter in Slowenien","description":"Charterbasen zum Segelboote Charter in Slowenien, Segelboote Charter in Slowenien, Charerbasen segelurlaub an der Adria","robots":{"index":"index","follow":"follow","max-snippet":"max-snippet:-1","max-image-preview":"max-image-preview:large","max-video-preview":"max-video-preview:-1"},"canonical":"https:\/\/www.yachtcharter.si\/de\/charterbase\/","schema":{"@context":"https:\/\/schema.org","@graph":[{"@type":"Article","@id":"https:\/\/www.yachtcharter.si\/de\/charterbase\/#article","isPartOf":{"@id":"https:\/\/www.yachtcharter.si\/de\/charterbase\/"},"author":{"name":"admin","@id":"https:\/\/www.yachtcharter.si\/de\/#\/schema\/person\/bfb92f2bd0d4c568ef32ff4d113dcae6"},"headline":"Charterbasen","datePublished":"2024-08-31T20:43:31+00:00","dateModified":"2025-06-04T11:02:55+00:00","mainEntityOfPage":{"@id":"https:\/\/www.yachtcharter.si\/de\/charterbase\/"},"wordCount":114,"inLanguage":"de"},{"@type":"WebPage","@id":"https:\/\/www.yachtcharter.si\/de\/charterbase\/","url":"https:\/\/www.yachtcharter.si\/de\/charterbase\/","name":"Charterbasen zum Segelboote Charter in Slowenien","isPartOf":{"@id":"https:\/\/www.yachtcharter.si\/de\/#website"},"datePublished":"2024-08-31T20:43:31+00:00","dateModified":"2025-06-04T11:02:55+00:00","description":"Charterbasen zum Segelboote Charter in Slowenien, Segelboote Charter in Slowenien, Charerbasen segelurlaub an der Adria","breadcrumb":{"@id":"https:\/\/www.yachtcharter.si\/de\/charterbase\/#breadcrumb"},"inLanguage":"de","potentialAction":[{"@type":"ReadAction","target":["https:\/\/www.yachtcharter.si\/de\/charterbase\/"]}]},{"@type":"BreadcrumbList","@id":"https:\/\/www.yachtcharter.si\/de\/charterbase\/#breadcrumb","itemListElement":[{"@type":"ListItem","position":1,"name":"Startseite","item":"https:\/\/www.yachtcharter.si\/de\/"},{"@type":"ListItem","position":2,"name":"Charterbasen zum Segelboote Charter in Slowenien"}]},{"@type":"WebSite","@id":"https:\/\/www.yachtcharter.si\/de\/#website","url":"https:\/\/www.yachtcharter.si\/de\/","name":"Yachtcharter.si","description":"Yachtcharter in Slowenien und Segeln an der Adria","potentialAction":[{"@type":"SearchAction","target":{"@type":"EntryPoint","urlTemplate":"https:\/\/www.yachtcharter.si\/de\/?s={search_term_string}"},"query-input":{"@type":"PropertyValueSpecification","valueRequired":true,"valueName":"search_term_string"}}],"inLanguage":"de"},{"@type":"Person","@id":"https:\/\/www.yachtcharter.si\/de\/#\/schema\/person\/bfb92f2bd0d4c568ef32ff4d113dcae6","name":"admin","image":{"@type":"ImageObject","inLanguage":"de","@id":"https:\/\/www.yachtcharter.si\/de\/#\/schema\/person\/image\/","url":"https:\/\/secure.gravatar.com\/avatar\/379801144a56f4b0963722e396259aa1a2471d9e0ef229a8ac7f7d1a25d93507?s=96&d=mm&r=g","contentUrl":"https:\/\/secure.gravatar.com\/avatar\/379801144a56f4b0963722e396259aa1a2471d9e0ef229a8ac7f7d1a25d93507?s=96&d=mm&r=g","caption":"admin"},"sameAs":["https:\/\/www.yachtcharter.si\/de"],"url":"https:\/\/www.yachtcharter.si\/de\/author\/admin\/"}]}},"_links":{"self":[{"href":"https:\/\/www.yachtcharter.si\/de\/wp-json\/wp\/v2\/pages\/95","targetHints":{"allow":["GET"]}}],"collection":[{"href":"https:\/\/www.yachtcharter.si\/de\/wp-json\/wp\/v2\/pages"}],"about":[{"href":"https:\/\/www.yachtcharter.si\/de\/wp-json\/wp\/v2\/types\/page"}],"author":[{"embeddable":true,"href":"https:\/\/www.yachtcharter.si\/de\/wp-json\/wp\/v2\/users\/1"}],"replies":[{"embeddable":true,"href":"https:\/\/www.yachtcharter.si\/de\/wp-json\/wp\/v2\/comments?post=95"}],"version-history":[{"count":13,"href":"https:\/\/www.yachtcharter.si\/de\/wp-json\/wp\/v2\/pages\/95\/revisions"}],"predecessor-version":[{"id":339,"href":"https:\/\/www.yachtcharter.si\/de\/wp-json\/wp\/v2\/pages\/95\/revisions\/339"}],"wp:attachment":[{"href":"https:\/\/www.yachtcharter.si\/de\/wp-json\/wp\/v2\/media?parent=95"}],"curies":[{"name":"wp","href":"https:\/\/api.w.org\/{rel}","templated":true}]}}