{"id":246,"date":"2024-09-14T12:05:39","date_gmt":"2024-09-14T10:05:39","guid":{"rendered":"https:\/\/www.yachtcharter.si\/it\/?page_id=246"},"modified":"2025-06-04T12:00:37","modified_gmt":"2025-06-04T11:00:37","slug":"destinazioni","status":"publish","type":"page","link":"https:\/\/www.yachtcharter.si\/it\/destinazioni\/","title":{"rendered":"Destinazioni"},"content":{"rendered":"<style>.kb-gallery-id-246_e2d100-af .kadence-blocks-gallery-item .kb-gal-image-radius, .kb-gallery-id-246_e2d100-af .kb-slide-item .kb-gal-image-radius img{border-radius:0px 0px 0px 0px;;}.kb-gallery-wrap-id-246_e2d100-af.wp-block-kadence-advancedgallery{overflow:visible;}.kb-gallery-wrap-id-246_e2d100-af.wp-block-kadence-advancedgallery .kt-blocks-carousel{overflow:visible;}<\/style><div class=\"kb-gallery-wrap-id-246_e2d100-af alignnone wp-block-kadence-advancedgallery\"><div class=\"kb-gallery-ul kb-gallery-non-static kb-gallery-type-slider kb-gallery-id-246_e2d100-af kb-gallery-caption-style-bottom-hover kb-gallery-filter-none\" data-image-filter=\"none\" data-lightbox-caption=\"true\"><div class=\"kt-blocks-carousel splide kt-carousel-container-dotstyle-dark kt-carousel-arrowstyle-whiteondark kt-carousel-dotstyle-dark kb-slider-group-arrow kb-slider-arrow-position-center\" data-slider-anim-speed=\"400\" data-slider-scroll=\"1\" data-slider-arrows=\"true\" data-slider-fade=\"true\" data-slider-dots=\"true\" data-slider-type=\"slider\" data-slider-hover-pause=\"false\" data-slider-auto=\"1\" data-slider-speed=\"7000\" data-show-pause-button=\"false\"><div class=\"splide__track\"><ul class=\"kt-blocks-carousel-init kb-blocks-slider splide__list\"><li class=\"kb-slide-item kb-gallery-slide-item splide__slide\"><div class=\"kadence-blocks-gallery-item\"><div class=\"kadence-blocks-gallery-item-inner\"><figure class=\"kb-gallery-figure kadence-blocks-gallery-item-hide-caption\"><div class=\"kb-gal-image-radius\"><div class=\"kb-gallery-image-contain kadence-blocks-gallery-intrinsic kb-gallery-image-ratio-land32 kb-has-image-ratio-land32\" ><img loading=\"lazy\" decoding=\"async\" src=\"https:\/\/www.yachtcharter.si\/it\/wp-content\/uploads\/2024\/07\/Yachtcharter.si_Noleggio_barca-a_vela_Isola_Slovenia-1024x768.jpg\" width=\"1024\" height=\"768\" alt=\"Vacanze in barca a vela al Mare Adriatico\" data-full-image=\"https:\/\/www.yachtcharter.si\/it\/wp-content\/uploads\/2024\/07\/Yachtcharter.si_Noleggio_barca-a_vela_Isola_Slovenia.jpg\" data-light-image=\"https:\/\/www.yachtcharter.si\/it\/wp-content\/uploads\/2024\/07\/Yachtcharter.si_Noleggio_barca-a_vela_Isola_Slovenia.jpg\" data-id=\"29\" class=\"wp-image-29 skip-lazy\" srcset=\"https:\/\/www.yachtcharter.si\/it\/wp-content\/uploads\/2024\/07\/Yachtcharter.si_Noleggio_barca-a_vela_Isola_Slovenia-1024x768.jpg 1024w, https:\/\/www.yachtcharter.si\/it\/wp-content\/uploads\/2024\/07\/Yachtcharter.si_Noleggio_barca-a_vela_Isola_Slovenia-300x225.jpg 300w, https:\/\/www.yachtcharter.si\/it\/wp-content\/uploads\/2024\/07\/Yachtcharter.si_Noleggio_barca-a_vela_Isola_Slovenia-768x576.jpg 768w, https:\/\/www.yachtcharter.si\/it\/wp-content\/uploads\/2024\/07\/Yachtcharter.si_Noleggio_barca-a_vela_Isola_Slovenia.jpg 1118w\" sizes=\"auto, (max-width: 1024px) 100vw, 1024px\" \/><\/div><\/div><\/figure><\/div><\/div><\/li><li class=\"kb-slide-item kb-gallery-slide-item splide__slide\"><div class=\"kadence-blocks-gallery-item\"><div class=\"kadence-blocks-gallery-item-inner\"><figure class=\"kb-gallery-figure kadence-blocks-gallery-item-hide-caption\"><div class=\"kb-gal-image-radius\"><div class=\"kb-gallery-image-contain kadence-blocks-gallery-intrinsic kb-gallery-image-ratio-land32 kb-has-image-ratio-land32\" ><img loading=\"lazy\" decoding=\"async\" src=\"https:\/\/www.yachtcharter.si\/it\/wp-content\/uploads\/2024\/09\/Isola_dIstria_in_Slovenia-1024x768.jpg\" width=\"1024\" height=\"768\" alt=\"\" data-full-image=\"https:\/\/www.yachtcharter.si\/it\/wp-content\/uploads\/2024\/09\/Isola_dIstria_in_Slovenia.jpg\" data-light-image=\"https:\/\/www.yachtcharter.si\/it\/wp-content\/uploads\/2024\/09\/Isola_dIstria_in_Slovenia.jpg\" data-id=\"195\" class=\"wp-image-195 skip-lazy\" srcset=\"https:\/\/www.yachtcharter.si\/it\/wp-content\/uploads\/2024\/09\/Isola_dIstria_in_Slovenia-1024x768.jpg 1024w, https:\/\/www.yachtcharter.si\/it\/wp-content\/uploads\/2024\/09\/Isola_dIstria_in_Slovenia-300x225.jpg 300w, https:\/\/www.yachtcharter.si\/it\/wp-content\/uploads\/2024\/09\/Isola_dIstria_in_Slovenia-768x576.jpg 768w, https:\/\/www.yachtcharter.si\/it\/wp-content\/uploads\/2024\/09\/Isola_dIstria_in_Slovenia.jpg 1118w\" sizes=\"auto, (max-width: 1024px) 100vw, 1024px\" \/><\/div><\/div><\/figure><\/div><\/div><\/li><\/ul><\/div><\/div><\/div><\/div>\n\n<style>.wp-block-kadence-spacer.kt-block-spacer-246_8c0f23-14 .kt-block-spacer{height:60px;}.wp-block-kadence-spacer.kt-block-spacer-246_8c0f23-14 .kt-divider{border-top-width:1px;height:1px;border-top-color:#eee;width:80%;border-top-style:solid;}<\/style>\n<div class=\"wp-block-kadence-spacer aligncenter kt-block-spacer-246_8c0f23-14\"><div class=\"kt-block-spacer kt-block-spacer-halign-center\"><hr class=\"kt-divider\"\/><\/div><\/div>\n\n\n\n<iframe class=\"wbm\" id=\"wbmResult\" src=\" https:\/\/www.booking-manager.com\/wbm2\/page.html?companyid=7381&#038;setlang=it&#038;view=SmallSearchForm&#038;target=_top&#038;controllerPage=https:\/\/www.yachtcharter.si\/it\/risultati-della-ricerca\/\" width=\"100%\" frameborder=\"0\" scrolling=\"no\" allowTransparency=\"true\"><\/iframe>\n\n<script src=\" https:\/\/www.booking-manager.com\/down\/wbm-alter.js\"><\/script>\n\n\n<style>.wp-block-kadence-spacer.kt-block-spacer-246_124bae-9c .kt-block-spacer{height:60px;}.wp-block-kadence-spacer.kt-block-spacer-246_124bae-9c .kt-divider{border-top-width:1px;height:1px;border-top-color:#eee;width:80%;border-top-style:solid;}<\/style>\n<div class=\"wp-block-kadence-spacer aligncenter kt-block-spacer-246_124bae-9c\"><div class=\"kt-block-spacer kt-block-spacer-halign-center\"><hr class=\"kt-divider\"\/><\/div><\/div>\n\n\n\n<p class=\"has-medium-font-size\">Slovenia sono il punto di partenza perfetto per visitare nel antiche citt\u00e0 in Slovenia e Croazia e Italia.<\/p>\n\n\n\n<p class=\"has-medium-font-size\">Oppure goditi un caff\u00e8 a Trieste o navigare versa Lignano Sabbiadoro o Venezia in Italia.<\/p>\n\n\n\n<p class=\"has-medium-font-size\">Visitate citt\u00e0 antiche in Istria e Quarnero cocsciute per la loro storia fin dai tempi prima dell&#8217;Impreo romano. <\/p>\n\n\n\n<p class=\"has-medium-font-size\">Rillassetvi nei piccoli villaggi istriani per asseggiare le loro prelibatezze locali, prosciutto e salumi, pesce e spezialit\u00e0 di pesce e naturalmente olio d&#8217;oliva e vino locali in Slovenia e Croazia. <\/p>\n\n\n\n<p class=\"has-medium-font-size\">Ci sono cos\u00ec tante baie appartate per un tranquillo relax a una nutata nelle acque cristalline del Mar Adriatico lungo le coste dell&#8217;Istria e del Quarnero, e possibilmente anche nelle Incoronate e in Dalmazia.<\/p>\n\n\n\n<p class=\"has-medium-font-size\">Di tutto e di pi\u00f9 vi offre il noleggio di una barca in Slovenia.<\/p>\n\n\n<style>.wp-block-kadence-spacer.kt-block-spacer-246_cc6c6f-9c .kt-block-spacer{height:60px;}.wp-block-kadence-spacer.kt-block-spacer-246_cc6c6f-9c .kt-divider{border-top-width:1px;height:1px;border-top-color:#eee;width:80%;border-top-style:solid;}<\/style>\n<div class=\"wp-block-kadence-spacer aligncenter kt-block-spacer-246_cc6c6f-9c\"><div class=\"kt-block-spacer kt-block-spacer-halign-center\"><hr class=\"kt-divider\"\/><\/div><\/div>\n","protected":false},"excerpt":{"rendered":"<p>Slovenia sono il punto di partenza perfetto per visitare nel antiche citt\u00e0 in Slovenia e Croazia e Italia. Oppure goditi un caff\u00e8 a Trieste o navigare versa Lignano Sabbiadoro o Venezia in Italia. Visitate citt\u00e0 antiche in Istria e Quarnero &hellip; <a href=\"https:\/\/www.yachtcharter.si\/it\/destinazioni\/\">Continua<\/a><\/p>\n","protected":false},"author":1,"featured_media":0,"parent":0,"menu_order":0,"comment_status":"closed","ping_status":"closed","template":"","meta":{"kt_blocks_editor_width":"","_monsterinsights_skip_tracking":false,"_monsterinsights_sitenote_active":false,"_monsterinsights_sitenote_note":"","_monsterinsights_sitenote_category":0,"footnotes":""},"class_list":["post-246","page","type-page","status-publish","hentry"],"yoast_head":"<!-- This site is optimized with the Yoast SEO plugin v26.9 - https:\/\/yoast.com\/product\/yoast-seo-wordpress\/ -->\n<title>Destinazioni per il noleggio barche in Slovenia<\/title>\n<meta name=\"description\" content=\"Destinazioni per il noleggio barche in Slovenia. Destinazioni in Slovenia e Croazia e Italie per il noleggio barche\" \/>\n<meta name=\"robots\" content=\"index, follow, max-snippet:-1, max-image-preview:large, max-video-preview:-1\" \/>\n<link rel=\"canonical\" href=\"https:\/\/www.yachtcharter.si\/it\/destinazioni\/\" \/>\n<script type=\"application\/ld+json\" class=\"yoast-schema-graph\">{\"@context\":\"https:\/\/schema.org\",\"@graph\":[{\"@type\":\"WebPage\",\"@id\":\"https:\/\/www.yachtcharter.si\/it\/destinazioni\/\",\"url\":\"https:\/\/www.yachtcharter.si\/it\/destinazioni\/\",\"name\":\"Destinazioni per il noleggio barche in Slovenia\",\"isPartOf\":{\"@id\":\"https:\/\/www.yachtcharter.si\/it\/#website\"},\"datePublished\":\"2024-09-14T10:05:39+00:00\",\"dateModified\":\"2025-06-04T11:00:37+00:00\",\"description\":\"Destinazioni per il noleggio barche in Slovenia. Destinazioni in Slovenia e Croazia e Italie per il noleggio barche\",\"breadcrumb\":{\"@id\":\"https:\/\/www.yachtcharter.si\/it\/destinazioni\/#breadcrumb\"},\"inLanguage\":\"it-IT\",\"potentialAction\":[{\"@type\":\"ReadAction\",\"target\":[\"https:\/\/www.yachtcharter.si\/it\/destinazioni\/\"]}]},{\"@type\":\"BreadcrumbList\",\"@id\":\"https:\/\/www.yachtcharter.si\/it\/destinazioni\/#breadcrumb\",\"itemListElement\":[{\"@type\":\"ListItem\",\"position\":1,\"name\":\"Home\",\"item\":\"https:\/\/www.yachtcharter.si\/it\/\"},{\"@type\":\"ListItem\",\"position\":2,\"name\":\"Destinazioni in Slovenia e Croazia e Italie per il noleggio barche\"}]},{\"@type\":\"WebSite\",\"@id\":\"https:\/\/www.yachtcharter.si\/it\/#website\",\"url\":\"https:\/\/www.yachtcharter.si\/it\/\",\"name\":\"Yachtcharter.si\",\"description\":\"Noleggio barche in Slovenia e vacanze nel Mare Adriatico\",\"potentialAction\":[{\"@type\":\"SearchAction\",\"target\":{\"@type\":\"EntryPoint\",\"urlTemplate\":\"https:\/\/www.yachtcharter.si\/it\/?s={search_term_string}\"},\"query-input\":{\"@type\":\"PropertyValueSpecification\",\"valueRequired\":true,\"valueName\":\"search_term_string\"}}],\"inLanguage\":\"it-IT\"}]}<\/script>\n<!-- \/ Yoast SEO plugin. -->","yoast_head_json":{"title":"Destinazioni per il noleggio barche in Slovenia","description":"Destinazioni per il noleggio barche in Slovenia. Destinazioni in Slovenia e Croazia e Italie per il noleggio barche","robots":{"index":"index","follow":"follow","max-snippet":"max-snippet:-1","max-image-preview":"max-image-preview:large","max-video-preview":"max-video-preview:-1"},"canonical":"https:\/\/www.yachtcharter.si\/it\/destinazioni\/","schema":{"@context":"https:\/\/schema.org","@graph":[{"@type":"WebPage","@id":"https:\/\/www.yachtcharter.si\/it\/destinazioni\/","url":"https:\/\/www.yachtcharter.si\/it\/destinazioni\/","name":"Destinazioni per il noleggio barche in Slovenia","isPartOf":{"@id":"https:\/\/www.yachtcharter.si\/it\/#website"},"datePublished":"2024-09-14T10:05:39+00:00","dateModified":"2025-06-04T11:00:37+00:00","description":"Destinazioni per il noleggio barche in Slovenia. Destinazioni in Slovenia e Croazia e Italie per il noleggio barche","breadcrumb":{"@id":"https:\/\/www.yachtcharter.si\/it\/destinazioni\/#breadcrumb"},"inLanguage":"it-IT","potentialAction":[{"@type":"ReadAction","target":["https:\/\/www.yachtcharter.si\/it\/destinazioni\/"]}]},{"@type":"BreadcrumbList","@id":"https:\/\/www.yachtcharter.si\/it\/destinazioni\/#breadcrumb","itemListElement":[{"@type":"ListItem","position":1,"name":"Home","item":"https:\/\/www.yachtcharter.si\/it\/"},{"@type":"ListItem","position":2,"name":"Destinazioni in Slovenia e Croazia e Italie per il noleggio barche"}]},{"@type":"WebSite","@id":"https:\/\/www.yachtcharter.si\/it\/#website","url":"https:\/\/www.yachtcharter.si\/it\/","name":"Yachtcharter.si","description":"Noleggio barche in Slovenia e vacanze nel Mare Adriatico","potentialAction":[{"@type":"SearchAction","target":{"@type":"EntryPoint","urlTemplate":"https:\/\/www.yachtcharter.si\/it\/?s={search_term_string}"},"query-input":{"@type":"PropertyValueSpecification","valueRequired":true,"valueName":"search_term_string"}}],"inLanguage":"it-IT"}]}},"_links":{"self":[{"href":"https:\/\/www.yachtcharter.si\/it\/wp-json\/wp\/v2\/pages\/246","targetHints":{"allow":["GET"]}}],"collection":[{"href":"https:\/\/www.yachtcharter.si\/it\/wp-json\/wp\/v2\/pages"}],"about":[{"href":"https:\/\/www.yachtcharter.si\/it\/wp-json\/wp\/v2\/types\/page"}],"author":[{"embeddable":true,"href":"https:\/\/www.yachtcharter.si\/it\/wp-json\/wp\/v2\/users\/1"}],"replies":[{"embeddable":true,"href":"https:\/\/www.yachtcharter.si\/it\/wp-json\/wp\/v2\/comments?post=246"}],"version-history":[{"count":8,"href":"https:\/\/www.yachtcharter.si\/it\/wp-json\/wp\/v2\/pages\/246\/revisions"}],"predecessor-version":[{"id":325,"href":"https:\/\/www.yachtcharter.si\/it\/wp-json\/wp\/v2\/pages\/246\/revisions\/325"}],"wp:attachment":[{"href":"https:\/\/www.yachtcharter.si\/it\/wp-json\/wp\/v2\/media?parent=246"}],"curies":[{"name":"wp","href":"https:\/\/api.w.org\/{rel}","templated":true}]}}